{"id":880,"date":"2022-10-13T15:47:00","date_gmt":"2022-10-13T15:47:00","guid":{"rendered":"https:\/\/nuestrasenoradelosdolores.archimadrid.es\/?page_id=880"},"modified":"2022-11-15T10:06:27","modified_gmt":"2022-11-15T10:06:27","slug":"escuela-infantil","status":"publish","type":"page","link":"https:\/\/nuestrasenoradelosdolores.archimadrid.es\/index.php\/actividades\/escuela-infantil\/","title":{"rendered":"Escuela infantil"},"content":{"rendered":"\t\t<div data-elementor-type=\"wp-page\" data-elementor-id=\"880\" class=\"elementor elementor-880\" data-elementor-post-type=\"page\">\n\t\t\t\t<div class=\"elementor-element elementor-element-4ad1aa1 e-flex e-con-boxed e-con e-parent\" data-id=\"4ad1aa1\" data-element_type=\"container\" data-e-type=\"container\">\n\t\t\t\t\t<div class=\"e-con-inner\">\n\t\t\t\t<div class=\"elementor-element elementor-element-b8a2a7c elementor-widget elementor-widget-text-editor\" data-id=\"b8a2a7c\" data-element_type=\"widget\" data-e-type=\"widget\" data-widget_type=\"text-editor.default\">\n\t\t\t\t<div class=\"elementor-widget-container\">\n\t\t\t\t\t\t\t\t\t<p>La Escuela Infantil Nuestra Se\u00f1ora de los Dolores es un proyecto parroquial desde sus inicios en el a\u00f1o 1971.<\/p><p>En esta larga trayectoria, nuestro proyecto ha querido favorecer al mayor n\u00famero de familias, teniendo como objetivo principal el desarrollo integral del ni\u00f1o.<\/p><p>Esta importante y delicada labor requiere un trabajo conjunto entre parroquia, familias y educadoras.<\/p><p>La infancia es una etapa decisiva en el desarrollo del ser humano que hemos de cuidar especialmente. Convencidos de la grandeza de cada vida, como acontecimiento \u00fanico e irrepetible, trabajamos en la apasionante misi\u00f3n de ayuda a su pleno desarrollo.<\/p><p>La educaci\u00f3n en valores, descubrimientos en un clima de afecto y confianza hacia los dem\u00e1s, el desarrollo de la autonom\u00eda, \u2026 son aspectos que, cuidados en los primeros a\u00f1os, favorecer\u00e1n el futuro del ni\u00f1o\/a.<\/p><p>En vista de estos objetivos, contamos con el personal especializado y de probada experiencia en Educaci\u00f3n Infantil.<\/p>\t\t\t\t\t\t\t\t<\/div>\n\t\t\t\t<\/div>\n\t\t\t\t<div class=\"elementor-element elementor-element-13abe18 my-icon-list elementor-icon-list--layout-traditional elementor-list-item-link-full_width elementor-widget elementor-widget-icon-list\" data-id=\"13abe18\" data-element_type=\"widget\" data-e-type=\"widget\" data-widget_type=\"icon-list.default\">\n\t\t\t\t<div class=\"elementor-widget-container\">\n\t\t\t\t\t\t\t<ul class=\"elementor-icon-list-items\">\n\t\t\t\t\t\t\t<li class=\"elementor-icon-list-item\">\n\t\t\t\t\t\t\t\t\t\t<span class=\"elementor-icon-list-text\">Caracter\u00edsticas:<\/span>\n\t\t\t\t\t\t\t\t\t<\/li>\n\t\t\t\t\t\t\t\t<li class=\"elementor-icon-list-item\">\n\t\t\t\t\t\t\t\t\t\t\t<span class=\"elementor-icon-list-icon\">\n\t\t\t\t\t\t\t<svg xmlns=\"http:\/\/www.w3.org\/2000\/svg\" width=\"20\" height=\"20\" viewBox=\"0 0 20 20\"><title>chevron-thin-right<\/title><path d=\"M13.25 10l-7.141-7.42c-0.268-0.27-0.268-0.707 0-0.979 0.268-0.27 0.701-0.27 0.969 0l7.83 7.908c0.268 0.271 0.268 0.709 0 0.979l-7.83 7.908c-0.268 0.271-0.701 0.27-0.969 0s-0.268-0.707 0-0.979l7.141-7.417z\"><\/path><\/svg>\t\t\t\t\t\t<\/span>\n\t\t\t\t\t\t\t\t\t\t<span class=\"elementor-icon-list-text\">La Escuela Infantil Nuestra Se\u00f1ora de los Dolores es un centro conveniado con la Comunidad de Madrid (escolaridad gratuita de 0-3 a\u00f1os desde el 2019). Adaptado a los requerimientos pedag\u00f3gicos de la C.A.M. con distribuci\u00f3n de espacios pensados especialmente para la educaci\u00f3n de vuestros hijos\/as.<\/span>\n\t\t\t\t\t\t\t\t\t<\/li>\n\t\t\t\t\t\t\t\t<li class=\"elementor-icon-list-item\">\n\t\t\t\t\t\t\t\t\t\t\t<span class=\"elementor-icon-list-icon\">\n\t\t\t\t\t\t\t<svg xmlns=\"http:\/\/www.w3.org\/2000\/svg\" width=\"20\" height=\"20\" viewBox=\"0 0 20 20\"><title>chevron-thin-right<\/title><path d=\"M13.25 10l-7.141-7.42c-0.268-0.27-0.268-0.707 0-0.979 0.268-0.27 0.701-0.27 0.969 0l7.83 7.908c0.268 0.271 0.268 0.709 0 0.979l-7.83 7.908c-0.268 0.271-0.701 0.27-0.969 0s-0.268-0.707 0-0.979l7.141-7.417z\"><\/path><\/svg>\t\t\t\t\t\t<\/span>\n\t\t\t\t\t\t\t\t\t\t<span class=\"elementor-icon-list-text\">Cuenta con modernas instalaciones preparadas para la comodidad, seguridad y desarrollo de los ni\u00f1os\/as.<\/span>\n\t\t\t\t\t\t\t\t\t<\/li>\n\t\t\t\t\t\t<\/ul>\n\t\t\t\t\t\t<\/div>\n\t\t\t\t<\/div>\n\t\t\t\t<div class=\"elementor-element elementor-element-7b16993 elementor-widget elementor-widget-button\" data-id=\"7b16993\" data-element_type=\"widget\" data-e-type=\"widget\" data-widget_type=\"button.default\">\n\t\t\t\t<div class=\"elementor-widget-container\">\n\t\t\t\t\t\t\t\t\t<div class=\"elementor-button-wrapper\">\n\t\t\t\t\t<a class=\"elementor-button elementor-button-link elementor-size-sm\" href=\"https:\/\/eidolores.com\/\" target=\"_blank\" rel=\"nofollow\">\n\t\t\t\t\t\t<span class=\"elementor-button-content-wrapper\">\n\t\t\t\t\t\t\t\t\t<span class=\"elementor-button-text\">Ven a conocernos<\/span>\n\t\t\t\t\t<\/span>\n\t\t\t\t\t<\/a>\n\t\t\t\t<\/div>\n\t\t\t\t\t\t\t\t<\/div>\n\t\t\t\t<\/div>\n\t\t\t\t\t<\/div>\n\t\t\t\t<\/div>\n\t\t\t\t<\/div>\n\t\t","protected":false},"excerpt":{"rendered":"<p>La Escuela Infantil Nuestra Se\u00f1ora de los Dolores es un proyecto parroquial desde sus inicios en el a\u00f1o 1971. En esta larga trayectoria, nuestro proyecto ha querido favorecer al mayor n\u00famero de familias, teniendo como objetivo principal el desarrollo integral del ni\u00f1o. Esta importante y delicada labor requiere un trabajo conjunto entre parroquia, familias y [&hellip;]<\/p>\n","protected":false},"author":1,"featured_media":1094,"parent":97,"menu_order":0,"comment_status":"closed","ping_status":"closed","template":"","meta":{"_acf_changed":false,"footnotes":""},"class_list":["post-880","page","type-page","status-publish","has-post-thumbnail","hentry"],"acf":[],"yoast_head":"<!-- This site is optimized with the Yoast SEO plugin v27.5 - https:\/\/yoast.com\/product\/yoast-seo-wordpress\/ -->\n<title>Escuela infantil | Nuestra Se\u00f1ora de los Dolores<\/title>\n<meta name=\"description\" content=\"La Escuela Infantil Nuestra Se\u00f1ora de los Dolores es un proyecto parroquial desde sus inicios en el a\u00f1o 1971, con objetivo principal el desarrollo integral del ni\u00f1o.\" \/>\n<meta name=\"robots\" content=\"index, follow, max-snippet:-1, max-image-preview:large, max-video-preview:-1\" \/>\n<link rel=\"canonical\" href=\"https:\/\/nuestrasenoradelosdolores.archimadrid.es\/index.php\/actividades\/escuela-infantil\/\" \/>\n<meta property=\"og:locale\" content=\"es_ES\" \/>\n<meta property=\"og:type\" content=\"article\" \/>\n<meta property=\"og:title\" content=\"Escuela infantil | Nuestra Se\u00f1ora de los Dolores\" \/>\n<meta property=\"og:description\" content=\"La Escuela Infantil Nuestra Se\u00f1ora de los Dolores es un proyecto parroquial desde sus inicios en el a\u00f1o 1971, con objetivo principal el desarrollo integral del ni\u00f1o.\" \/>\n<meta property=\"og:url\" content=\"https:\/\/nuestrasenoradelosdolores.archimadrid.es\/index.php\/actividades\/escuela-infantil\/\" \/>\n<meta property=\"og:site_name\" content=\"Nuestra Se\u00f1ora de los Dolores\" \/>\n<meta property=\"article:modified_time\" content=\"2022-11-15T10:06:27+00:00\" \/>\n<meta property=\"og:image\" content=\"https:\/\/nuestrasenoradelosdolores.archimadrid.es\/wp-content\/uploads\/2022\/10\/logo-ei-dolores-scaled.jpg\" \/>\n\t<meta property=\"og:image:width\" content=\"2560\" \/>\n\t<meta property=\"og:image:height\" content=\"1331\" \/>\n\t<meta property=\"og:image:type\" content=\"image\/jpeg\" \/>\n<meta name=\"twitter:card\" content=\"summary_large_image\" \/>\n<script type=\"application\/ld+json\" class=\"yoast-schema-graph\">{\"@context\":\"https:\\\/\\\/schema.org\",\"@graph\":[{\"@type\":\"WebPage\",\"@id\":\"https:\\\/\\\/nuestrasenoradelosdolores.archimadrid.es\\\/index.php\\\/actividades\\\/escuela-infantil\\\/\",\"url\":\"https:\\\/\\\/nuestrasenoradelosdolores.archimadrid.es\\\/index.php\\\/actividades\\\/escuela-infantil\\\/\",\"name\":\"Escuela infantil | Nuestra Se\u00f1ora de los Dolores\",\"isPartOf\":{\"@id\":\"https:\\\/\\\/nuestrasenoradelosdolores.archimadrid.es\\\/#website\"},\"primaryImageOfPage\":{\"@id\":\"https:\\\/\\\/nuestrasenoradelosdolores.archimadrid.es\\\/index.php\\\/actividades\\\/escuela-infantil\\\/#primaryimage\"},\"image\":{\"@id\":\"https:\\\/\\\/nuestrasenoradelosdolores.archimadrid.es\\\/index.php\\\/actividades\\\/escuela-infantil\\\/#primaryimage\"},\"thumbnailUrl\":\"https:\\\/\\\/nuestrasenoradelosdolores.archimadrid.es\\\/wp-content\\\/uploads\\\/2022\\\/10\\\/logo-ei-dolores-scaled.jpg\",\"datePublished\":\"2022-10-13T15:47:00+00:00\",\"dateModified\":\"2022-11-15T10:06:27+00:00\",\"description\":\"La Escuela Infantil Nuestra Se\u00f1ora de los Dolores es un proyecto parroquial desde sus inicios en el a\u00f1o 1971, con objetivo principal el desarrollo integral del ni\u00f1o.\",\"breadcrumb\":{\"@id\":\"https:\\\/\\\/nuestrasenoradelosdolores.archimadrid.es\\\/index.php\\\/actividades\\\/escuela-infantil\\\/#breadcrumb\"},\"inLanguage\":\"es\",\"potentialAction\":[{\"@type\":\"ReadAction\",\"target\":[\"https:\\\/\\\/nuestrasenoradelosdolores.archimadrid.es\\\/index.php\\\/actividades\\\/escuela-infantil\\\/\"]}]},{\"@type\":\"ImageObject\",\"inLanguage\":\"es\",\"@id\":\"https:\\\/\\\/nuestrasenoradelosdolores.archimadrid.es\\\/index.php\\\/actividades\\\/escuela-infantil\\\/#primaryimage\",\"url\":\"https:\\\/\\\/nuestrasenoradelosdolores.archimadrid.es\\\/wp-content\\\/uploads\\\/2022\\\/10\\\/logo-ei-dolores-scaled.jpg\",\"contentUrl\":\"https:\\\/\\\/nuestrasenoradelosdolores.archimadrid.es\\\/wp-content\\\/uploads\\\/2022\\\/10\\\/logo-ei-dolores-scaled.jpg\",\"width\":2560,\"height\":1331},{\"@type\":\"BreadcrumbList\",\"@id\":\"https:\\\/\\\/nuestrasenoradelosdolores.archimadrid.es\\\/index.php\\\/actividades\\\/escuela-infantil\\\/#breadcrumb\",\"itemListElement\":[{\"@type\":\"ListItem\",\"position\":1,\"name\":\"Inicio\",\"item\":\"https:\\\/\\\/nuestrasenoradelosdolores.archimadrid.es\\\/\"},{\"@type\":\"ListItem\",\"position\":2,\"name\":\"Actividades\",\"item\":\"https:\\\/\\\/nuestrasenoradelosdolores.archimadrid.es\\\/index.php\\\/actividades\\\/\"},{\"@type\":\"ListItem\",\"position\":3,\"name\":\"Escuela infantil\"}]},{\"@type\":\"WebSite\",\"@id\":\"https:\\\/\\\/nuestrasenoradelosdolores.archimadrid.es\\\/#website\",\"url\":\"https:\\\/\\\/nuestrasenoradelosdolores.archimadrid.es\\\/\",\"name\":\"Parroquia de Nuestra Se\u00f1ora de los Dolores\",\"description\":\"Sitio web de la parroquia de Nuestra Se\u00f1ora de los Dolores\",\"publisher\":{\"@id\":\"https:\\\/\\\/nuestrasenoradelosdolores.archimadrid.es\\\/#organization\"},\"potentialAction\":[{\"@type\":\"SearchAction\",\"target\":{\"@type\":\"EntryPoint\",\"urlTemplate\":\"https:\\\/\\\/nuestrasenoradelosdolores.archimadrid.es\\\/?s={search_term_string}\"},\"query-input\":{\"@type\":\"PropertyValueSpecification\",\"valueRequired\":true,\"valueName\":\"search_term_string\"}}],\"inLanguage\":\"es\"},{\"@type\":\"Organization\",\"@id\":\"https:\\\/\\\/nuestrasenoradelosdolores.archimadrid.es\\\/#organization\",\"name\":\"Parroquia de Nuestra Se\u00f1ora de los Dolores\",\"url\":\"https:\\\/\\\/nuestrasenoradelosdolores.archimadrid.es\\\/\",\"logo\":{\"@type\":\"ImageObject\",\"inLanguage\":\"es\",\"@id\":\"https:\\\/\\\/nuestrasenoradelosdolores.archimadrid.es\\\/#\\\/schema\\\/logo\\\/image\\\/\",\"url\":\"https:\\\/\\\/nuestrasenoradelosdolores.archimadrid.es\\\/wp-content\\\/uploads\\\/2022\\\/10\\\/DSC_0146-3840x2560-optimized-1-scaled.jpg\",\"contentUrl\":\"https:\\\/\\\/nuestrasenoradelosdolores.archimadrid.es\\\/wp-content\\\/uploads\\\/2022\\\/10\\\/DSC_0146-3840x2560-optimized-1-scaled.jpg\",\"width\":2560,\"height\":1707,\"caption\":\"Parroquia de Nuestra Se\u00f1ora de los Dolores\"},\"image\":{\"@id\":\"https:\\\/\\\/nuestrasenoradelosdolores.archimadrid.es\\\/#\\\/schema\\\/logo\\\/image\\\/\"}}]}<\/script>\n<!-- \/ Yoast SEO plugin. -->","yoast_head_json":{"title":"Escuela infantil | Nuestra Se\u00f1ora de los Dolores","description":"La Escuela Infantil Nuestra Se\u00f1ora de los Dolores es un proyecto parroquial desde sus inicios en el a\u00f1o 1971, con objetivo principal el desarrollo integral del ni\u00f1o.","robots":{"index":"index","follow":"follow","max-snippet":"max-snippet:-1","max-image-preview":"max-image-preview:large","max-video-preview":"max-video-preview:-1"},"canonical":"https:\/\/nuestrasenoradelosdolores.archimadrid.es\/index.php\/actividades\/escuela-infantil\/","og_locale":"es_ES","og_type":"article","og_title":"Escuela infantil | Nuestra Se\u00f1ora de los Dolores","og_description":"La Escuela Infantil Nuestra Se\u00f1ora de los Dolores es un proyecto parroquial desde sus inicios en el a\u00f1o 1971, con objetivo principal el desarrollo integral del ni\u00f1o.","og_url":"https:\/\/nuestrasenoradelosdolores.archimadrid.es\/index.php\/actividades\/escuela-infantil\/","og_site_name":"Nuestra Se\u00f1ora de los Dolores","article_modified_time":"2022-11-15T10:06:27+00:00","og_image":[{"width":2560,"height":1331,"url":"https:\/\/nuestrasenoradelosdolores.archimadrid.es\/wp-content\/uploads\/2022\/10\/logo-ei-dolores-scaled.jpg","type":"image\/jpeg"}],"twitter_card":"summary_large_image","schema":{"@context":"https:\/\/schema.org","@graph":[{"@type":"WebPage","@id":"https:\/\/nuestrasenoradelosdolores.archimadrid.es\/index.php\/actividades\/escuela-infantil\/","url":"https:\/\/nuestrasenoradelosdolores.archimadrid.es\/index.php\/actividades\/escuela-infantil\/","name":"Escuela infantil | Nuestra Se\u00f1ora de los Dolores","isPartOf":{"@id":"https:\/\/nuestrasenoradelosdolores.archimadrid.es\/#website"},"primaryImageOfPage":{"@id":"https:\/\/nuestrasenoradelosdolores.archimadrid.es\/index.php\/actividades\/escuela-infantil\/#primaryimage"},"image":{"@id":"https:\/\/nuestrasenoradelosdolores.archimadrid.es\/index.php\/actividades\/escuela-infantil\/#primaryimage"},"thumbnailUrl":"https:\/\/nuestrasenoradelosdolores.archimadrid.es\/wp-content\/uploads\/2022\/10\/logo-ei-dolores-scaled.jpg","datePublished":"2022-10-13T15:47:00+00:00","dateModified":"2022-11-15T10:06:27+00:00","description":"La Escuela Infantil Nuestra Se\u00f1ora de los Dolores es un proyecto parroquial desde sus inicios en el a\u00f1o 1971, con objetivo principal el desarrollo integral del ni\u00f1o.","breadcrumb":{"@id":"https:\/\/nuestrasenoradelosdolores.archimadrid.es\/index.php\/actividades\/escuela-infantil\/#breadcrumb"},"inLanguage":"es","potentialAction":[{"@type":"ReadAction","target":["https:\/\/nuestrasenoradelosdolores.archimadrid.es\/index.php\/actividades\/escuela-infantil\/"]}]},{"@type":"ImageObject","inLanguage":"es","@id":"https:\/\/nuestrasenoradelosdolores.archimadrid.es\/index.php\/actividades\/escuela-infantil\/#primaryimage","url":"https:\/\/nuestrasenoradelosdolores.archimadrid.es\/wp-content\/uploads\/2022\/10\/logo-ei-dolores-scaled.jpg","contentUrl":"https:\/\/nuestrasenoradelosdolores.archimadrid.es\/wp-content\/uploads\/2022\/10\/logo-ei-dolores-scaled.jpg","width":2560,"height":1331},{"@type":"BreadcrumbList","@id":"https:\/\/nuestrasenoradelosdolores.archimadrid.es\/index.php\/actividades\/escuela-infantil\/#breadcrumb","itemListElement":[{"@type":"ListItem","position":1,"name":"Inicio","item":"https:\/\/nuestrasenoradelosdolores.archimadrid.es\/"},{"@type":"ListItem","position":2,"name":"Actividades","item":"https:\/\/nuestrasenoradelosdolores.archimadrid.es\/index.php\/actividades\/"},{"@type":"ListItem","position":3,"name":"Escuela infantil"}]},{"@type":"WebSite","@id":"https:\/\/nuestrasenoradelosdolores.archimadrid.es\/#website","url":"https:\/\/nuestrasenoradelosdolores.archimadrid.es\/","name":"Parroquia de Nuestra Se\u00f1ora de los Dolores","description":"Sitio web de la parroquia de Nuestra Se\u00f1ora de los Dolores","publisher":{"@id":"https:\/\/nuestrasenoradelosdolores.archimadrid.es\/#organization"},"potentialAction":[{"@type":"SearchAction","target":{"@type":"EntryPoint","urlTemplate":"https:\/\/nuestrasenoradelosdolores.archimadrid.es\/?s={search_term_string}"},"query-input":{"@type":"PropertyValueSpecification","valueRequired":true,"valueName":"search_term_string"}}],"inLanguage":"es"},{"@type":"Organization","@id":"https:\/\/nuestrasenoradelosdolores.archimadrid.es\/#organization","name":"Parroquia de Nuestra Se\u00f1ora de los Dolores","url":"https:\/\/nuestrasenoradelosdolores.archimadrid.es\/","logo":{"@type":"ImageObject","inLanguage":"es","@id":"https:\/\/nuestrasenoradelosdolores.archimadrid.es\/#\/schema\/logo\/image\/","url":"https:\/\/nuestrasenoradelosdolores.archimadrid.es\/wp-content\/uploads\/2022\/10\/DSC_0146-3840x2560-optimized-1-scaled.jpg","contentUrl":"https:\/\/nuestrasenoradelosdolores.archimadrid.es\/wp-content\/uploads\/2022\/10\/DSC_0146-3840x2560-optimized-1-scaled.jpg","width":2560,"height":1707,"caption":"Parroquia de Nuestra Se\u00f1ora de los Dolores"},"image":{"@id":"https:\/\/nuestrasenoradelosdolores.archimadrid.es\/#\/schema\/logo\/image\/"}}]}},"_links":{"self":[{"href":"https:\/\/nuestrasenoradelosdolores.archimadrid.es\/index.php\/wp-json\/wp\/v2\/pages\/880","targetHints":{"allow":["GET"]}}],"collection":[{"href":"https:\/\/nuestrasenoradelosdolores.archimadrid.es\/index.php\/wp-json\/wp\/v2\/pages"}],"about":[{"href":"https:\/\/nuestrasenoradelosdolores.archimadrid.es\/index.php\/wp-json\/wp\/v2\/types\/page"}],"author":[{"embeddable":true,"href":"https:\/\/nuestrasenoradelosdolores.archimadrid.es\/index.php\/wp-json\/wp\/v2\/users\/1"}],"replies":[{"embeddable":true,"href":"https:\/\/nuestrasenoradelosdolores.archimadrid.es\/index.php\/wp-json\/wp\/v2\/comments?post=880"}],"version-history":[{"count":0,"href":"https:\/\/nuestrasenoradelosdolores.archimadrid.es\/index.php\/wp-json\/wp\/v2\/pages\/880\/revisions"}],"up":[{"embeddable":true,"href":"https:\/\/nuestrasenoradelosdolores.archimadrid.es\/index.php\/wp-json\/wp\/v2\/pages\/97"}],"wp:featuredmedia":[{"embeddable":true,"href":"https:\/\/nuestrasenoradelosdolores.archimadrid.es\/index.php\/wp-json\/wp\/v2\/media\/1094"}],"wp:attachment":[{"href":"https:\/\/nuestrasenoradelosdolores.archimadrid.es\/index.php\/wp-json\/wp\/v2\/media?parent=880"}],"curies":[{"name":"wp","href":"https:\/\/api.w.org\/{rel}","templated":true}]}}