{"id":876,"date":"2022-10-13T15:45:18","date_gmt":"2022-10-13T15:45:18","guid":{"rendered":"https:\/\/nuestrasenoradelosdolores.archimadrid.es\/?page_id=876"},"modified":"2022-11-15T10:03:35","modified_gmt":"2022-11-15T10:03:35","slug":"comunidad-de-san-bernardo","status":"publish","type":"page","link":"https:\/\/nuestrasenoradelosdolores.archimadrid.es\/index.php\/actividades\/comunidad-de-san-bernardo\/","title":{"rendered":"Comunidad de San Bernardo"},"content":{"rendered":"\t\t<div data-elementor-type=\"wp-page\" data-elementor-id=\"876\" class=\"elementor elementor-876\" data-elementor-post-type=\"page\">\n\t\t\t\t<div class=\"elementor-element elementor-element-402390e e-flex e-con-boxed e-con e-parent\" data-id=\"402390e\" data-element_type=\"container\" data-e-type=\"container\">\n\t\t\t\t\t<div class=\"e-con-inner\">\n\t\t\t\t<div class=\"elementor-element elementor-element-b0488c4 elementor-widget elementor-widget-text-editor\" data-id=\"b0488c4\" data-element_type=\"widget\" data-e-type=\"widget\" data-widget_type=\"text-editor.default\">\n\t\t\t\t<div class=\"elementor-widget-container\">\n\t\t\t\t\t\t\t\t\t<p>Nuestro carisma principal: La perseverancia.<\/p>\t\t\t\t\t\t\t\t<\/div>\n\t\t\t\t<\/div>\n\t\t\t\t<div class=\"elementor-element elementor-element-382f8aa elementor-widget elementor-widget-text-editor\" data-id=\"382f8aa\" data-element_type=\"widget\" data-e-type=\"widget\" data-widget_type=\"text-editor.default\">\n\t\t\t\t<div class=\"elementor-widget-container\">\n\t\t\t\t\t\t\t\t\t<p>Nuestro lema: \u00abAmar es servir\u00bb (San Bernardo)<\/p>\t\t\t\t\t\t\t\t<\/div>\n\t\t\t\t<\/div>\n\t\t\t\t<div class=\"elementor-element elementor-element-dcf9019 elementor-widget elementor-widget-text-editor\" data-id=\"dcf9019\" data-element_type=\"widget\" data-e-type=\"widget\" data-widget_type=\"text-editor.default\">\n\t\t\t\t<div class=\"elementor-widget-container\">\n\t\t\t\t\t\t\t\t\t<p>Somos un grupo de cristianos que formamos una peque\u00f1a comunidad, donde compartimos y celebramos la fe y la vida, la acogida y el servicio, y que nos hemos ido integrando a lo largo de los a\u00f1os, teniendo presente siempre la par\u00e1bola de los trabajadores de la vi\u00f1a, en la que al final son todos iguales, sin importar el tiempo de incorporaci\u00f3n a la labor (cf. Mt 20, 1-15).<\/p><p>Nos reunimos los martes a las 19h en los salones parroquiales, para perseverar en la conversi\u00f3n de vida, a trav\u00e9s de la oraci\u00f3n y la Palabra.\u00a0<\/p><p>Los terceros martes de mes, participamos en la Eucarist\u00eda parroquial de las 19h, y terminamos orando juntos en silencio ante el Sant\u00edsimo, hasta las 20h.<\/p>\t\t\t\t\t\t\t\t<\/div>\n\t\t\t\t<\/div>\n\t\t\t\t<div class=\"elementor-element elementor-element-6a2fd2e elementor-icon-list--layout-traditional elementor-list-item-link-full_width elementor-widget elementor-widget-icon-list\" data-id=\"6a2fd2e\" data-element_type=\"widget\" data-e-type=\"widget\" data-widget_type=\"icon-list.default\">\n\t\t\t\t<div class=\"elementor-widget-container\">\n\t\t\t\t\t\t\t<ul class=\"elementor-icon-list-items\">\n\t\t\t\t\t\t\t<li class=\"elementor-icon-list-item\">\n\t\t\t\t\t\t\t\t\t\t<span class=\"elementor-icon-list-text\">Al comienzo de Adviento, Cuaresma, Pascua y Pentecost\u00e9s, celebramos en s\u00e1bado una convivencia:<\/span>\n\t\t\t\t\t\t\t\t\t<\/li>\n\t\t\t\t\t\t\t\t<li class=\"elementor-icon-list-item\">\n\t\t\t\t\t\t\t\t\t\t\t<span class=\"elementor-icon-list-icon\">\n\t\t\t\t\t\t\t<svg xmlns=\"http:\/\/www.w3.org\/2000\/svg\" width=\"20\" height=\"20\" viewBox=\"0 0 20 20\"><title>chevron-thin-right<\/title><path d=\"M13.25 10l-7.141-7.42c-0.268-0.27-0.268-0.707 0-0.979 0.268-0.27 0.701-0.27 0.969 0l7.83 7.908c0.268 0.271 0.268 0.709 0 0.979l-7.83 7.908c-0.268 0.271-0.701 0.27-0.969 0s-0.268-0.707 0-0.979l7.141-7.417z\"><\/path><\/svg>\t\t\t\t\t\t<\/span>\n\t\t\t\t\t\t\t\t\t\t<span class=\"elementor-icon-list-text\">Eucarist\u00eda parroquial de las 10h<\/span>\n\t\t\t\t\t\t\t\t\t<\/li>\n\t\t\t\t\t\t\t\t<li class=\"elementor-icon-list-item\">\n\t\t\t\t\t\t\t\t\t\t\t<span class=\"elementor-icon-list-icon\">\n\t\t\t\t\t\t\t<svg xmlns=\"http:\/\/www.w3.org\/2000\/svg\" width=\"20\" height=\"20\" viewBox=\"0 0 20 20\"><title>chevron-thin-right<\/title><path d=\"M13.25 10l-7.141-7.42c-0.268-0.27-0.268-0.707 0-0.979 0.268-0.27 0.701-0.27 0.969 0l7.83 7.908c0.268 0.271 0.268 0.709 0 0.979l-7.83 7.908c-0.268 0.271-0.701 0.27-0.969 0s-0.268-0.707 0-0.979l7.141-7.417z\"><\/path><\/svg>\t\t\t\t\t\t<\/span>\n\t\t\t\t\t\t\t\t\t\t<span class=\"elementor-icon-list-text\">Laudes<\/span>\n\t\t\t\t\t\t\t\t\t<\/li>\n\t\t\t\t\t\t\t\t<li class=\"elementor-icon-list-item\">\n\t\t\t\t\t\t\t\t\t\t\t<span class=\"elementor-icon-list-icon\">\n\t\t\t\t\t\t\t<svg xmlns=\"http:\/\/www.w3.org\/2000\/svg\" width=\"20\" height=\"20\" viewBox=\"0 0 20 20\"><title>chevron-thin-right<\/title><path d=\"M13.25 10l-7.141-7.42c-0.268-0.27-0.268-0.707 0-0.979 0.268-0.27 0.701-0.27 0.969 0l7.83 7.908c0.268 0.271 0.268 0.709 0 0.979l-7.83 7.908c-0.268 0.271-0.701 0.27-0.969 0s-0.268-0.707 0-0.979l7.141-7.417z\"><\/path><\/svg>\t\t\t\t\t\t<\/span>\n\t\t\t\t\t\t\t\t\t\t<span class=\"elementor-icon-list-text\">Tema escogido para la convivencia<\/span>\n\t\t\t\t\t\t\t\t\t<\/li>\n\t\t\t\t\t\t\t\t<li class=\"elementor-icon-list-item\">\n\t\t\t\t\t\t\t\t\t\t\t<span class=\"elementor-icon-list-icon\">\n\t\t\t\t\t\t\t<svg xmlns=\"http:\/\/www.w3.org\/2000\/svg\" width=\"20\" height=\"20\" viewBox=\"0 0 20 20\"><title>chevron-thin-right<\/title><path d=\"M13.25 10l-7.141-7.42c-0.268-0.27-0.268-0.707 0-0.979 0.268-0.27 0.701-0.27 0.969 0l7.83 7.908c0.268 0.271 0.268 0.709 0 0.979l-7.83 7.908c-0.268 0.271-0.701 0.27-0.969 0s-0.268-0.707 0-0.979l7.141-7.417z\"><\/path><\/svg>\t\t\t\t\t\t<\/span>\n\t\t\t\t\t\t\t\t\t\t<span class=\"elementor-icon-list-text\">Comida<\/span>\n\t\t\t\t\t\t\t\t\t<\/li>\n\t\t\t\t\t\t\t\t<li class=\"elementor-icon-list-item\">\n\t\t\t\t\t\t\t\t\t\t\t<span class=\"elementor-icon-list-icon\">\n\t\t\t\t\t\t\t<svg xmlns=\"http:\/\/www.w3.org\/2000\/svg\" width=\"20\" height=\"20\" viewBox=\"0 0 20 20\"><title>chevron-thin-right<\/title><path d=\"M13.25 10l-7.141-7.42c-0.268-0.27-0.268-0.707 0-0.979 0.268-0.27 0.701-0.27 0.969 0l7.83 7.908c0.268 0.271 0.268 0.709 0 0.979l-7.83 7.908c-0.268 0.271-0.701 0.27-0.969 0s-0.268-0.707 0-0.979l7.141-7.417z\"><\/path><\/svg>\t\t\t\t\t\t<\/span>\n\t\t\t\t\t\t\t\t\t\t<span class=\"elementor-icon-list-text\">V\u00edsperas<\/span>\n\t\t\t\t\t\t\t\t\t<\/li>\n\t\t\t\t\t\t<\/ul>\n\t\t\t\t\t\t<\/div>\n\t\t\t\t<\/div>\n\t\t\t\t<div class=\"elementor-element elementor-element-39e9eb3 elementor-widget elementor-widget-text-editor\" data-id=\"39e9eb3\" data-element_type=\"widget\" data-e-type=\"widget\" data-widget_type=\"text-editor.default\">\n\t\t\t\t<div class=\"elementor-widget-container\">\n\t\t\t\t\t\t\t\t\t<p>Tel\u00e9fono de contacto: 646.48.71.59<\/p>\t\t\t\t\t\t\t\t<\/div>\n\t\t\t\t<\/div>\n\t\t\t\t\t<\/div>\n\t\t\t\t<\/div>\n\t\t\t\t<\/div>\n\t\t","protected":false},"excerpt":{"rendered":"<p>Nuestro carisma principal: La perseverancia. Nuestro lema: \u00abAmar es servir\u00bb (San Bernardo) Somos un grupo de cristianos que formamos una peque\u00f1a comunidad, donde compartimos y celebramos la fe y la vida, la acogida y el servicio, y que nos hemos ido integrando a lo largo de los a\u00f1os, teniendo presente siempre la par\u00e1bola de los [&hellip;]<\/p>\n","protected":false},"author":1,"featured_media":2071,"parent":97,"menu_order":0,"comment_status":"closed","ping_status":"closed","template":"","meta":{"_acf_changed":false,"footnotes":""},"class_list":["post-876","page","type-page","status-publish","has-post-thumbnail","hentry"],"acf":[],"yoast_head":"<!-- This site is optimized with the Yoast SEO plugin v27.5 - https:\/\/yoast.com\/product\/yoast-seo-wordpress\/ -->\n<title>Comunidad de San Bernardo | Nuestra Se\u00f1ora de los Dolores<\/title>\n<meta name=\"description\" content=\"Somos un grupo de cristianos que formamos una peque\u00f1a comunidad, donde compartimos y celebramos la fe y la vida, la acogida y el servicio, y que nos hemos ido integrando a lo largo de los a\u00f1os, teniendo presente siempre la par\u00e1bola de los trabajadores de la vi\u00f1a.\" \/>\n<meta name=\"robots\" content=\"index, follow, max-snippet:-1, max-image-preview:large, max-video-preview:-1\" \/>\n<link rel=\"canonical\" href=\"https:\/\/nuestrasenoradelosdolores.archimadrid.es\/index.php\/actividades\/comunidad-de-san-bernardo\/\" \/>\n<meta property=\"og:locale\" content=\"es_ES\" \/>\n<meta property=\"og:type\" content=\"article\" \/>\n<meta property=\"og:title\" content=\"Comunidad de San Bernardo | Nuestra Se\u00f1ora de los Dolores\" \/>\n<meta property=\"og:description\" content=\"Somos un grupo de cristianos que formamos una peque\u00f1a comunidad, donde compartimos y celebramos la fe y la vida, la acogida y el servicio, y que nos hemos ido integrando a lo largo de los a\u00f1os, teniendo presente siempre la par\u00e1bola de los trabajadores de la vi\u00f1a.\" \/>\n<meta property=\"og:url\" content=\"https:\/\/nuestrasenoradelosdolores.archimadrid.es\/index.php\/actividades\/comunidad-de-san-bernardo\/\" \/>\n<meta property=\"og:site_name\" content=\"Nuestra Se\u00f1ora de los Dolores\" \/>\n<meta property=\"article:modified_time\" content=\"2022-11-15T10:03:35+00:00\" \/>\n<meta property=\"og:image\" content=\"https:\/\/nuestrasenoradelosdolores.archimadrid.es\/wp-content\/uploads\/2022\/11\/DSC_0215-2472x600-1.jpg\" \/>\n\t<meta property=\"og:image:width\" content=\"2472\" \/>\n\t<meta property=\"og:image:height\" content=\"600\" \/>\n\t<meta property=\"og:image:type\" content=\"image\/jpeg\" \/>\n<meta name=\"twitter:card\" content=\"summary_large_image\" \/>\n<script type=\"application\/ld+json\" class=\"yoast-schema-graph\">{\"@context\":\"https:\\\/\\\/schema.org\",\"@graph\":[{\"@type\":\"WebPage\",\"@id\":\"https:\\\/\\\/nuestrasenoradelosdolores.archimadrid.es\\\/index.php\\\/actividades\\\/comunidad-de-san-bernardo\\\/\",\"url\":\"https:\\\/\\\/nuestrasenoradelosdolores.archimadrid.es\\\/index.php\\\/actividades\\\/comunidad-de-san-bernardo\\\/\",\"name\":\"Comunidad de San Bernardo | Nuestra Se\u00f1ora de los Dolores\",\"isPartOf\":{\"@id\":\"https:\\\/\\\/nuestrasenoradelosdolores.archimadrid.es\\\/#website\"},\"primaryImageOfPage\":{\"@id\":\"https:\\\/\\\/nuestrasenoradelosdolores.archimadrid.es\\\/index.php\\\/actividades\\\/comunidad-de-san-bernardo\\\/#primaryimage\"},\"image\":{\"@id\":\"https:\\\/\\\/nuestrasenoradelosdolores.archimadrid.es\\\/index.php\\\/actividades\\\/comunidad-de-san-bernardo\\\/#primaryimage\"},\"thumbnailUrl\":\"https:\\\/\\\/nuestrasenoradelosdolores.archimadrid.es\\\/wp-content\\\/uploads\\\/2022\\\/11\\\/DSC_0215-2472x600-1.jpg\",\"datePublished\":\"2022-10-13T15:45:18+00:00\",\"dateModified\":\"2022-11-15T10:03:35+00:00\",\"description\":\"Somos un grupo de cristianos que formamos una peque\u00f1a comunidad, donde compartimos y celebramos la fe y la vida, la acogida y el servicio, y que nos hemos ido integrando a lo largo de los a\u00f1os, teniendo presente siempre la par\u00e1bola de los trabajadores de la vi\u00f1a.\",\"breadcrumb\":{\"@id\":\"https:\\\/\\\/nuestrasenoradelosdolores.archimadrid.es\\\/index.php\\\/actividades\\\/comunidad-de-san-bernardo\\\/#breadcrumb\"},\"inLanguage\":\"es\",\"potentialAction\":[{\"@type\":\"ReadAction\",\"target\":[\"https:\\\/\\\/nuestrasenoradelosdolores.archimadrid.es\\\/index.php\\\/actividades\\\/comunidad-de-san-bernardo\\\/\"]}]},{\"@type\":\"ImageObject\",\"inLanguage\":\"es\",\"@id\":\"https:\\\/\\\/nuestrasenoradelosdolores.archimadrid.es\\\/index.php\\\/actividades\\\/comunidad-de-san-bernardo\\\/#primaryimage\",\"url\":\"https:\\\/\\\/nuestrasenoradelosdolores.archimadrid.es\\\/wp-content\\\/uploads\\\/2022\\\/11\\\/DSC_0215-2472x600-1.jpg\",\"contentUrl\":\"https:\\\/\\\/nuestrasenoradelosdolores.archimadrid.es\\\/wp-content\\\/uploads\\\/2022\\\/11\\\/DSC_0215-2472x600-1.jpg\",\"width\":2472,\"height\":600,\"caption\":\"Icono Virgen con Ni\u00f1o\"},{\"@type\":\"BreadcrumbList\",\"@id\":\"https:\\\/\\\/nuestrasenoradelosdolores.archimadrid.es\\\/index.php\\\/actividades\\\/comunidad-de-san-bernardo\\\/#breadcrumb\",\"itemListElement\":[{\"@type\":\"ListItem\",\"position\":1,\"name\":\"Inicio\",\"item\":\"https:\\\/\\\/nuestrasenoradelosdolores.archimadrid.es\\\/\"},{\"@type\":\"ListItem\",\"position\":2,\"name\":\"Actividades\",\"item\":\"https:\\\/\\\/nuestrasenoradelosdolores.archimadrid.es\\\/index.php\\\/actividades\\\/\"},{\"@type\":\"ListItem\",\"position\":3,\"name\":\"Comunidad de San Bernardo\"}]},{\"@type\":\"WebSite\",\"@id\":\"https:\\\/\\\/nuestrasenoradelosdolores.archimadrid.es\\\/#website\",\"url\":\"https:\\\/\\\/nuestrasenoradelosdolores.archimadrid.es\\\/\",\"name\":\"Parroquia de Nuestra Se\u00f1ora de los Dolores\",\"description\":\"Sitio web de la parroquia de Nuestra Se\u00f1ora de los Dolores\",\"publisher\":{\"@id\":\"https:\\\/\\\/nuestrasenoradelosdolores.archimadrid.es\\\/#organization\"},\"potentialAction\":[{\"@type\":\"SearchAction\",\"target\":{\"@type\":\"EntryPoint\",\"urlTemplate\":\"https:\\\/\\\/nuestrasenoradelosdolores.archimadrid.es\\\/?s={search_term_string}\"},\"query-input\":{\"@type\":\"PropertyValueSpecification\",\"valueRequired\":true,\"valueName\":\"search_term_string\"}}],\"inLanguage\":\"es\"},{\"@type\":\"Organization\",\"@id\":\"https:\\\/\\\/nuestrasenoradelosdolores.archimadrid.es\\\/#organization\",\"name\":\"Parroquia de Nuestra Se\u00f1ora de los Dolores\",\"url\":\"https:\\\/\\\/nuestrasenoradelosdolores.archimadrid.es\\\/\",\"logo\":{\"@type\":\"ImageObject\",\"inLanguage\":\"es\",\"@id\":\"https:\\\/\\\/nuestrasenoradelosdolores.archimadrid.es\\\/#\\\/schema\\\/logo\\\/image\\\/\",\"url\":\"https:\\\/\\\/nuestrasenoradelosdolores.archimadrid.es\\\/wp-content\\\/uploads\\\/2022\\\/10\\\/DSC_0146-3840x2560-optimized-1-scaled.jpg\",\"contentUrl\":\"https:\\\/\\\/nuestrasenoradelosdolores.archimadrid.es\\\/wp-content\\\/uploads\\\/2022\\\/10\\\/DSC_0146-3840x2560-optimized-1-scaled.jpg\",\"width\":2560,\"height\":1707,\"caption\":\"Parroquia de Nuestra Se\u00f1ora de los Dolores\"},\"image\":{\"@id\":\"https:\\\/\\\/nuestrasenoradelosdolores.archimadrid.es\\\/#\\\/schema\\\/logo\\\/image\\\/\"}}]}<\/script>\n<!-- \/ Yoast SEO plugin. -->","yoast_head_json":{"title":"Comunidad de San Bernardo | Nuestra Se\u00f1ora de los Dolores","description":"Somos un grupo de cristianos que formamos una peque\u00f1a comunidad, donde compartimos y celebramos la fe y la vida, la acogida y el servicio, y que nos hemos ido integrando a lo largo de los a\u00f1os, teniendo presente siempre la par\u00e1bola de los trabajadores de la vi\u00f1a.","robots":{"index":"index","follow":"follow","max-snippet":"max-snippet:-1","max-image-preview":"max-image-preview:large","max-video-preview":"max-video-preview:-1"},"canonical":"https:\/\/nuestrasenoradelosdolores.archimadrid.es\/index.php\/actividades\/comunidad-de-san-bernardo\/","og_locale":"es_ES","og_type":"article","og_title":"Comunidad de San Bernardo | Nuestra Se\u00f1ora de los Dolores","og_description":"Somos un grupo de cristianos que formamos una peque\u00f1a comunidad, donde compartimos y celebramos la fe y la vida, la acogida y el servicio, y que nos hemos ido integrando a lo largo de los a\u00f1os, teniendo presente siempre la par\u00e1bola de los trabajadores de la vi\u00f1a.","og_url":"https:\/\/nuestrasenoradelosdolores.archimadrid.es\/index.php\/actividades\/comunidad-de-san-bernardo\/","og_site_name":"Nuestra Se\u00f1ora de los Dolores","article_modified_time":"2022-11-15T10:03:35+00:00","og_image":[{"width":2472,"height":600,"url":"https:\/\/nuestrasenoradelosdolores.archimadrid.es\/wp-content\/uploads\/2022\/11\/DSC_0215-2472x600-1.jpg","type":"image\/jpeg"}],"twitter_card":"summary_large_image","schema":{"@context":"https:\/\/schema.org","@graph":[{"@type":"WebPage","@id":"https:\/\/nuestrasenoradelosdolores.archimadrid.es\/index.php\/actividades\/comunidad-de-san-bernardo\/","url":"https:\/\/nuestrasenoradelosdolores.archimadrid.es\/index.php\/actividades\/comunidad-de-san-bernardo\/","name":"Comunidad de San Bernardo | Nuestra Se\u00f1ora de los Dolores","isPartOf":{"@id":"https:\/\/nuestrasenoradelosdolores.archimadrid.es\/#website"},"primaryImageOfPage":{"@id":"https:\/\/nuestrasenoradelosdolores.archimadrid.es\/index.php\/actividades\/comunidad-de-san-bernardo\/#primaryimage"},"image":{"@id":"https:\/\/nuestrasenoradelosdolores.archimadrid.es\/index.php\/actividades\/comunidad-de-san-bernardo\/#primaryimage"},"thumbnailUrl":"https:\/\/nuestrasenoradelosdolores.archimadrid.es\/wp-content\/uploads\/2022\/11\/DSC_0215-2472x600-1.jpg","datePublished":"2022-10-13T15:45:18+00:00","dateModified":"2022-11-15T10:03:35+00:00","description":"Somos un grupo de cristianos que formamos una peque\u00f1a comunidad, donde compartimos y celebramos la fe y la vida, la acogida y el servicio, y que nos hemos ido integrando a lo largo de los a\u00f1os, teniendo presente siempre la par\u00e1bola de los trabajadores de la vi\u00f1a.","breadcrumb":{"@id":"https:\/\/nuestrasenoradelosdolores.archimadrid.es\/index.php\/actividades\/comunidad-de-san-bernardo\/#breadcrumb"},"inLanguage":"es","potentialAction":[{"@type":"ReadAction","target":["https:\/\/nuestrasenoradelosdolores.archimadrid.es\/index.php\/actividades\/comunidad-de-san-bernardo\/"]}]},{"@type":"ImageObject","inLanguage":"es","@id":"https:\/\/nuestrasenoradelosdolores.archimadrid.es\/index.php\/actividades\/comunidad-de-san-bernardo\/#primaryimage","url":"https:\/\/nuestrasenoradelosdolores.archimadrid.es\/wp-content\/uploads\/2022\/11\/DSC_0215-2472x600-1.jpg","contentUrl":"https:\/\/nuestrasenoradelosdolores.archimadrid.es\/wp-content\/uploads\/2022\/11\/DSC_0215-2472x600-1.jpg","width":2472,"height":600,"caption":"Icono Virgen con Ni\u00f1o"},{"@type":"BreadcrumbList","@id":"https:\/\/nuestrasenoradelosdolores.archimadrid.es\/index.php\/actividades\/comunidad-de-san-bernardo\/#breadcrumb","itemListElement":[{"@type":"ListItem","position":1,"name":"Inicio","item":"https:\/\/nuestrasenoradelosdolores.archimadrid.es\/"},{"@type":"ListItem","position":2,"name":"Actividades","item":"https:\/\/nuestrasenoradelosdolores.archimadrid.es\/index.php\/actividades\/"},{"@type":"ListItem","position":3,"name":"Comunidad de San Bernardo"}]},{"@type":"WebSite","@id":"https:\/\/nuestrasenoradelosdolores.archimadrid.es\/#website","url":"https:\/\/nuestrasenoradelosdolores.archimadrid.es\/","name":"Parroquia de Nuestra Se\u00f1ora de los Dolores","description":"Sitio web de la parroquia de Nuestra Se\u00f1ora de los Dolores","publisher":{"@id":"https:\/\/nuestrasenoradelosdolores.archimadrid.es\/#organization"},"potentialAction":[{"@type":"SearchAction","target":{"@type":"EntryPoint","urlTemplate":"https:\/\/nuestrasenoradelosdolores.archimadrid.es\/?s={search_term_string}"},"query-input":{"@type":"PropertyValueSpecification","valueRequired":true,"valueName":"search_term_string"}}],"inLanguage":"es"},{"@type":"Organization","@id":"https:\/\/nuestrasenoradelosdolores.archimadrid.es\/#organization","name":"Parroquia de Nuestra Se\u00f1ora de los Dolores","url":"https:\/\/nuestrasenoradelosdolores.archimadrid.es\/","logo":{"@type":"ImageObject","inLanguage":"es","@id":"https:\/\/nuestrasenoradelosdolores.archimadrid.es\/#\/schema\/logo\/image\/","url":"https:\/\/nuestrasenoradelosdolores.archimadrid.es\/wp-content\/uploads\/2022\/10\/DSC_0146-3840x2560-optimized-1-scaled.jpg","contentUrl":"https:\/\/nuestrasenoradelosdolores.archimadrid.es\/wp-content\/uploads\/2022\/10\/DSC_0146-3840x2560-optimized-1-scaled.jpg","width":2560,"height":1707,"caption":"Parroquia de Nuestra Se\u00f1ora de los Dolores"},"image":{"@id":"https:\/\/nuestrasenoradelosdolores.archimadrid.es\/#\/schema\/logo\/image\/"}}]}},"_links":{"self":[{"href":"https:\/\/nuestrasenoradelosdolores.archimadrid.es\/index.php\/wp-json\/wp\/v2\/pages\/876","targetHints":{"allow":["GET"]}}],"collection":[{"href":"https:\/\/nuestrasenoradelosdolores.archimadrid.es\/index.php\/wp-json\/wp\/v2\/pages"}],"about":[{"href":"https:\/\/nuestrasenoradelosdolores.archimadrid.es\/index.php\/wp-json\/wp\/v2\/types\/page"}],"author":[{"embeddable":true,"href":"https:\/\/nuestrasenoradelosdolores.archimadrid.es\/index.php\/wp-json\/wp\/v2\/users\/1"}],"replies":[{"embeddable":true,"href":"https:\/\/nuestrasenoradelosdolores.archimadrid.es\/index.php\/wp-json\/wp\/v2\/comments?post=876"}],"version-history":[{"count":0,"href":"https:\/\/nuestrasenoradelosdolores.archimadrid.es\/index.php\/wp-json\/wp\/v2\/pages\/876\/revisions"}],"up":[{"embeddable":true,"href":"https:\/\/nuestrasenoradelosdolores.archimadrid.es\/index.php\/wp-json\/wp\/v2\/pages\/97"}],"wp:featuredmedia":[{"embeddable":true,"href":"https:\/\/nuestrasenoradelosdolores.archimadrid.es\/index.php\/wp-json\/wp\/v2\/media\/2071"}],"wp:attachment":[{"href":"https:\/\/nuestrasenoradelosdolores.archimadrid.es\/index.php\/wp-json\/wp\/v2\/media?parent=876"}],"curies":[{"name":"wp","href":"https:\/\/api.w.org\/{rel}","templated":true}]}}