{"id":1927,"date":"2022-10-31T13:59:51","date_gmt":"2022-10-31T13:59:51","guid":{"rendered":"https:\/\/nuestrasenoradelosdolores.archimadrid.es\/?page_id=1927"},"modified":"2022-11-10T16:52:57","modified_gmt":"2022-11-10T16:52:57","slug":"politica-de-privacidad","status":"publish","type":"page","link":"https:\/\/nuestrasenoradelosdolores.archimadrid.es\/index.php\/politica-de-privacidad\/","title":{"rendered":"Pol\u00edtica de privacidad"},"content":{"rendered":"\t\t<div data-elementor-type=\"wp-page\" data-elementor-id=\"1927\" class=\"elementor elementor-1927\" data-elementor-post-type=\"page\">\n\t\t\t\t\t\t<section class=\"elementor-section elementor-top-section elementor-element elementor-element-3d12614e elementor-section-boxed elementor-section-height-default elementor-section-height-default\" data-id=\"3d12614e\" data-element_type=\"section\" data-e-type=\"section\">\n\t\t\t\t\t\t<div class=\"elementor-container elementor-column-gap-default\">\n\t\t\t\t\t<div class=\"elementor-column elementor-col-100 elementor-top-column elementor-element elementor-element-76d6afdd\" data-id=\"76d6afdd\" data-element_type=\"column\" data-e-type=\"column\">\n\t\t\t<div class=\"elementor-widget-wrap elementor-element-populated\">\n\t\t\t\t\t\t<div class=\"elementor-element elementor-element-5c71b7c7 elementor-widget elementor-widget-text-editor\" data-id=\"5c71b7c7\" data-element_type=\"widget\" data-e-type=\"widget\" data-widget_type=\"text-editor.default\">\n\t\t\t\t<div class=\"elementor-widget-container\">\n\t\t\t\t\t\t\t\t\t<p>En cumplimiento del Cap\u00edtulo II de la ley 34\/2002, LSSICE y del Reglamento (UE) 2016\/679 del Parlamento Europeo y del Consejo relativo a la protecci\u00f3n de las personas f\u00edsicas en lo que respecta al tratamiento de datos personales y a la libre circulaci\u00f3n de los mismos, (RGPD), la presente p\u00e1gina web es propiedad de la Parroquia Nuestra Se\u00f1ora de los Dolores, domiciliada en la calle San Bernardo 103, 28015 Madrid, y con CIF R2800454G, con tel\u00e9fono de contacto 91.593.82.45 y correo virgendelosdolores@archimadrid.es.<\/p><p>En la Parroquia Nuestra Se\u00f1ora de los Dolores aplicamos las medidas de seguridad necesarias para evitar la alteraci\u00f3n, p\u00e9rdida, tratamiento o acceso no autorizado de los datos personales, habida cuenta en todo momento del estado de la tecnolog\u00eda, as\u00ed como para proteger sus datos y guardar total confidencialidad.<\/p><p>El usuario se hace responsable de la veracidad de la informaci\u00f3n que nos proporcione, as\u00ed como de su actualizaci\u00f3n. Igualmente, ser\u00e1 responsable de cualquier da\u00f1o o perjuicio que pudiera derivarse como consecuencia de que los datos facilitados sean falsos, inexactos o no se encuentren actualizados.<\/p><p>Tal como exige la normativa vigente de protecci\u00f3n de datos, le informamos de:<\/p>\t\t\t\t\t\t\t\t<\/div>\n\t\t\t\t<\/div>\n\t\t\t\t<div class=\"elementor-element elementor-element-33b5ccd elementor-widget elementor-widget-text-editor\" data-id=\"33b5ccd\" data-element_type=\"widget\" data-e-type=\"widget\" data-widget_type=\"text-editor.default\">\n\t\t\t\t<div class=\"elementor-widget-container\">\n\t\t\t\t\t\t\t\t\t<p>Finalidad del tratamiento<\/p>\t\t\t\t\t\t\t\t<\/div>\n\t\t\t\t<\/div>\n\t\t\t\t<div class=\"elementor-element elementor-element-9e14595 elementor-widget elementor-widget-text-editor\" data-id=\"9e14595\" data-element_type=\"widget\" data-e-type=\"widget\" data-widget_type=\"text-editor.default\">\n\t\t\t\t<div class=\"elementor-widget-container\">\n\t\t\t\t\t\t\t\t\t<p>Al solicitar informaci\u00f3n a trav\u00e9s del formulario de contacto, la Parroquia utilizar\u00e1 tus datos para responder a tu consulta; en este formulario solicitamos: nombre y apellidos, correo electr\u00f3nico y, de forma opcional para facilitar la comunicaci\u00f3n, un n\u00famero de tel\u00e9fono.<\/p>\t\t\t\t\t\t\t\t<\/div>\n\t\t\t\t<\/div>\n\t\t\t\t<div class=\"elementor-element elementor-element-8a73503 elementor-widget elementor-widget-text-editor\" data-id=\"8a73503\" data-element_type=\"widget\" data-e-type=\"widget\" data-widget_type=\"text-editor.default\">\n\t\t\t\t<div class=\"elementor-widget-container\">\n\t\t\t\t\t\t\t\t\t<p>Legitimidad del tratamiento<\/p>\t\t\t\t\t\t\t\t<\/div>\n\t\t\t\t<\/div>\n\t\t\t\t<div class=\"elementor-element elementor-element-257b47e elementor-widget elementor-widget-text-editor\" data-id=\"257b47e\" data-element_type=\"widget\" data-e-type=\"widget\" data-widget_type=\"text-editor.default\">\n\t\t\t\t<div class=\"elementor-widget-container\">\n\t\t\t\t\t\t\t\t\t<p>Como usuario de nuestra web, mediante la marcaci\u00f3n de la casilla que figura en el formulario de contacto, nos autorizas a que te remitamos las comunicaciones necesarias para dar respuesta a la consulta o solicitud de informaci\u00f3n que nos planteas en el formulario.<\/p>\t\t\t\t\t\t\t\t<\/div>\n\t\t\t\t<\/div>\n\t\t\t\t<div class=\"elementor-element elementor-element-30ce0ad elementor-widget elementor-widget-text-editor\" data-id=\"30ce0ad\" data-element_type=\"widget\" data-e-type=\"widget\" data-widget_type=\"text-editor.default\">\n\t\t\t\t<div class=\"elementor-widget-container\">\n\t\t\t\t\t\t\t\t\t<p>Tiempos de conservaci\u00f3n de datos<\/p>\t\t\t\t\t\t\t\t<\/div>\n\t\t\t\t<\/div>\n\t\t\t\t<div class=\"elementor-element elementor-element-1974c5d elementor-widget elementor-widget-text-editor\" data-id=\"1974c5d\" data-element_type=\"widget\" data-e-type=\"widget\" data-widget_type=\"text-editor.default\">\n\t\t\t\t<div class=\"elementor-widget-container\">\n\t\t\t\t\t\t\t\t\t<p>Los datos de las consultas que recibamos a trav\u00e9s del formulario se conservar\u00e1n solamente el tiempo necesario para dar respuesta a la consulta planteada.<\/p>\t\t\t\t\t\t\t\t<\/div>\n\t\t\t\t<\/div>\n\t\t\t\t<div class=\"elementor-element elementor-element-92eb668 elementor-widget elementor-widget-text-editor\" data-id=\"92eb668\" data-element_type=\"widget\" data-e-type=\"widget\" data-widget_type=\"text-editor.default\">\n\t\t\t\t<div class=\"elementor-widget-container\">\n\t\t\t\t\t\t\t\t\t<p>Destinatarios<\/p>\t\t\t\t\t\t\t\t<\/div>\n\t\t\t\t<\/div>\n\t\t\t\t<div class=\"elementor-element elementor-element-3ad78dd elementor-widget elementor-widget-text-editor\" data-id=\"3ad78dd\" data-element_type=\"widget\" data-e-type=\"widget\" data-widget_type=\"text-editor.default\">\n\t\t\t\t<div class=\"elementor-widget-container\">\n\t\t\t\t\t\t\t\t\t<p>Tus datos personales recopilados en el formulario de contacto no ser\u00e1n cedidos a ninguna entidad. En el caso de que, en alg\u00fan supuesto, necesitemos dar a conocer su informaci\u00f3n personal a otras entidades, te solicitaremos previamente tu permiso a trav\u00e9s de opciones claras que te permitir\u00e1n decidir a este respecto.<\/p>\t\t\t\t\t\t\t\t<\/div>\n\t\t\t\t<\/div>\n\t\t\t\t<div class=\"elementor-element elementor-element-57a6845 elementor-widget elementor-widget-text-editor\" data-id=\"57a6845\" data-element_type=\"widget\" data-e-type=\"widget\" data-widget_type=\"text-editor.default\">\n\t\t\t\t<div class=\"elementor-widget-container\">\n\t\t\t\t\t\t\t\t\t<p>Derechos de los usuarios<\/p>\t\t\t\t\t\t\t\t<\/div>\n\t\t\t\t<\/div>\n\t\t\t\t<div class=\"elementor-element elementor-element-b0852fa elementor-widget elementor-widget-text-editor\" data-id=\"b0852fa\" data-element_type=\"widget\" data-e-type=\"widget\" data-widget_type=\"text-editor.default\">\n\t\t\t\t<div class=\"elementor-widget-container\">\n\t\t\t\t\t\t\t\t\t<p>Puedes ejercer tus derechos de acceso, modificaci\u00f3n, supresi\u00f3n y oposici\u00f3n de sus datos, as\u00ed como ejercitar los derechos de limitaci\u00f3n y portabilidad y otros derechos, enviando un escrito al correo electr\u00f3nico virgendelosdolores@archimadrid.es, o mediante correo postal a la direcci\u00f3n arriba indicada, adjuntando fotocopia del DNI o pasaporte, poniendo como asunto \u201cProtecci\u00f3n de datos\u201d.<\/p>\n<p>Tambi\u00e9n tienes derecho a presentar una reclamaci\u00f3n ante la autoridad de control, la Agencia Espa\u00f1ola de Protecci\u00f3n de Datos, a trav\u00e9s de alguno de los medios siguientes:<\/p>\t\t\t\t\t\t\t\t<\/div>\n\t\t\t\t<\/div>\n\t\t\t\t<div class=\"elementor-element elementor-element-1ffb0d9 my-icon-list elementor-icon-list--layout-traditional elementor-list-item-link-full_width elementor-widget elementor-widget-icon-list\" data-id=\"1ffb0d9\" data-element_type=\"widget\" data-e-type=\"widget\" data-widget_type=\"icon-list.default\">\n\t\t\t\t<div class=\"elementor-widget-container\">\n\t\t\t\t\t\t\t<ul class=\"elementor-icon-list-items\">\n\t\t\t\t\t\t\t<li class=\"elementor-icon-list-item\">\n\t\t\t\t\t\t\t\t\t\t\t<span class=\"elementor-icon-list-icon\">\n\t\t\t\t\t\t\t<svg xmlns=\"http:\/\/www.w3.org\/2000\/svg\" width=\"20\" height=\"20\" viewBox=\"0 0 20 20\"><title>chevron-thin-right<\/title><path d=\"M13.25 10l-7.141-7.42c-0.268-0.27-0.268-0.707 0-0.979 0.268-0.27 0.701-0.27 0.969 0l7.83 7.908c0.268 0.271 0.268 0.709 0 0.979l-7.83 7.908c-0.268 0.271-0.701 0.27-0.969 0s-0.268-0.707 0-0.979l7.141-7.417z\"><\/path><\/svg>\t\t\t\t\t\t<\/span>\n\t\t\t\t\t\t\t\t\t\t<span class=\"elementor-icon-list-text\">Sede electr\u00f3nica: https:\/\/www.aepd.es<\/span>\n\t\t\t\t\t\t\t\t\t<\/li>\n\t\t\t\t\t\t\t\t<li class=\"elementor-icon-list-item\">\n\t\t\t\t\t\t\t\t\t\t\t<span class=\"elementor-icon-list-icon\">\n\t\t\t\t\t\t\t<svg xmlns=\"http:\/\/www.w3.org\/2000\/svg\" width=\"20\" height=\"20\" viewBox=\"0 0 20 20\"><title>chevron-thin-right<\/title><path d=\"M13.25 10l-7.141-7.42c-0.268-0.27-0.268-0.707 0-0.979 0.268-0.27 0.701-0.27 0.969 0l7.83 7.908c0.268 0.271 0.268 0.709 0 0.979l-7.83 7.908c-0.268 0.271-0.701 0.27-0.969 0s-0.268-0.707 0-0.979l7.141-7.417z\"><\/path><\/svg>\t\t\t\t\t\t<\/span>\n\t\t\t\t\t\t\t\t\t\t<span class=\"elementor-icon-list-text\">Correo postal: Agencia Espa\u00f1ola de Protecci\u00f3n de Datos, C\/ Jorge Juan, 6, 28001, Madrid<\/span>\n\t\t\t\t\t\t\t\t\t<\/li>\n\t\t\t\t\t\t\t\t<li class=\"elementor-icon-list-item\">\n\t\t\t\t\t\t\t\t\t\t\t<span class=\"elementor-icon-list-icon\">\n\t\t\t\t\t\t\t<svg xmlns=\"http:\/\/www.w3.org\/2000\/svg\" width=\"20\" height=\"20\" viewBox=\"0 0 20 20\"><title>chevron-thin-right<\/title><path d=\"M13.25 10l-7.141-7.42c-0.268-0.27-0.268-0.707 0-0.979 0.268-0.27 0.701-0.27 0.969 0l7.83 7.908c0.268 0.271 0.268 0.709 0 0.979l-7.83 7.908c-0.268 0.271-0.701 0.27-0.969 0s-0.268-0.707 0-0.979l7.141-7.417z\"><\/path><\/svg>\t\t\t\t\t\t<\/span>\n\t\t\t\t\t\t\t\t\t\t<span class=\"elementor-icon-list-text\">Tel\u00e9fonos: 901.100.099 y 912.663.517<\/span>\n\t\t\t\t\t\t\t\t\t<\/li>\n\t\t\t\t\t\t<\/ul>\n\t\t\t\t\t\t<\/div>\n\t\t\t\t<\/div>\n\t\t\t\t<div class=\"elementor-element elementor-element-7156014 elementor-widget elementor-widget-text-editor\" data-id=\"7156014\" data-element_type=\"widget\" data-e-type=\"widget\" data-widget_type=\"text-editor.default\">\n\t\t\t\t<div class=\"elementor-widget-container\">\n\t\t\t\t\t\t\t\t\t<p>Actualizaciones<\/p>\t\t\t\t\t\t\t\t<\/div>\n\t\t\t\t<\/div>\n\t\t\t\t<div class=\"elementor-element elementor-element-26c5251 elementor-widget elementor-widget-text-editor\" data-id=\"26c5251\" data-element_type=\"widget\" data-e-type=\"widget\" data-widget_type=\"text-editor.default\">\n\t\t\t\t<div class=\"elementor-widget-container\">\n\t\t\t\t\t\t\t\t\t<p>La Parroquia Nuestra Se\u00f1ora de los Dolores se reserva el derecho a modificar la presente pol\u00edtica para adaptarla a novedades legislativas o jurisprudenciales que puedan afectar al cumplimiento de la misma.<\/p>\t\t\t\t\t\t\t\t<\/div>\n\t\t\t\t<\/div>\n\t\t\t\t\t<\/div>\n\t\t<\/div>\n\t\t\t\t\t<\/div>\n\t\t<\/section>\n\t\t\t\t<\/div>\n\t\t","protected":false},"excerpt":{"rendered":"<p>En cumplimiento del Cap\u00edtulo II de la ley 34\/2002, LSSICE y del Reglamento (UE) 2016\/679 del Parlamento Europeo y del Consejo relativo a la protecci\u00f3n de las personas f\u00edsicas en lo que respecta al tratamiento de datos personales y a la libre circulaci\u00f3n de los mismos, (RGPD), la presente p\u00e1gina web es propiedad de la [&hellip;]<\/p>\n","protected":false},"author":1,"featured_media":2161,"parent":0,"menu_order":0,"comment_status":"closed","ping_status":"closed","template":"","meta":{"_acf_changed":false,"footnotes":""},"class_list":["post-1927","page","type-page","status-publish","has-post-thumbnail","hentry"],"acf":[],"yoast_head":"<!-- This site is optimized with the Yoast SEO plugin v27.5 - https:\/\/yoast.com\/product\/yoast-seo-wordpress\/ -->\n<title>Pol\u00edtica de privacidad | Nuestra Se\u00f1ora de los Dolores<\/title>\n<meta name=\"robots\" content=\"index, follow, max-snippet:-1, max-image-preview:large, max-video-preview:-1\" \/>\n<link rel=\"canonical\" href=\"https:\/\/nuestrasenoradelosdolores.archimadrid.es\/index.php\/politica-de-privacidad\/\" \/>\n<meta property=\"og:locale\" content=\"es_ES\" \/>\n<meta property=\"og:type\" content=\"article\" \/>\n<meta property=\"og:title\" content=\"Pol\u00edtica de privacidad | Nuestra Se\u00f1ora de los Dolores\" \/>\n<meta property=\"og:description\" content=\"En cumplimiento del Cap\u00edtulo II de la ley 34\/2002, LSSICE y del Reglamento (UE) 2016\/679 del Parlamento Europeo y del Consejo relativo a la protecci\u00f3n de las personas f\u00edsicas en lo que respecta al tratamiento de datos personales y a la libre circulaci\u00f3n de los mismos, (RGPD), la presente p\u00e1gina web es propiedad de la [&hellip;]\" \/>\n<meta property=\"og:url\" content=\"https:\/\/nuestrasenoradelosdolores.archimadrid.es\/index.php\/politica-de-privacidad\/\" \/>\n<meta property=\"og:site_name\" content=\"Nuestra Se\u00f1ora de los Dolores\" \/>\n<meta property=\"article:modified_time\" content=\"2022-11-10T16:52:57+00:00\" \/>\n<meta property=\"og:image\" content=\"https:\/\/nuestrasenoradelosdolores.archimadrid.es\/wp-content\/uploads\/2022\/11\/DSC_0136-2000x600-optimized.jpg\" \/>\n\t<meta property=\"og:image:width\" content=\"2000\" \/>\n\t<meta property=\"og:image:height\" content=\"600\" \/>\n\t<meta property=\"og:image:type\" content=\"image\/jpeg\" \/>\n<meta name=\"twitter:card\" content=\"summary_large_image\" \/>\n<script type=\"application\/ld+json\" class=\"yoast-schema-graph\">{\"@context\":\"https:\\\/\\\/schema.org\",\"@graph\":[{\"@type\":\"WebPage\",\"@id\":\"https:\\\/\\\/nuestrasenoradelosdolores.archimadrid.es\\\/index.php\\\/politica-de-privacidad\\\/\",\"url\":\"https:\\\/\\\/nuestrasenoradelosdolores.archimadrid.es\\\/index.php\\\/politica-de-privacidad\\\/\",\"name\":\"Pol\u00edtica de privacidad | Nuestra Se\u00f1ora de los Dolores\",\"isPartOf\":{\"@id\":\"https:\\\/\\\/nuestrasenoradelosdolores.archimadrid.es\\\/#website\"},\"primaryImageOfPage\":{\"@id\":\"https:\\\/\\\/nuestrasenoradelosdolores.archimadrid.es\\\/index.php\\\/politica-de-privacidad\\\/#primaryimage\"},\"image\":{\"@id\":\"https:\\\/\\\/nuestrasenoradelosdolores.archimadrid.es\\\/index.php\\\/politica-de-privacidad\\\/#primaryimage\"},\"thumbnailUrl\":\"https:\\\/\\\/nuestrasenoradelosdolores.archimadrid.es\\\/wp-content\\\/uploads\\\/2022\\\/11\\\/DSC_0136-2000x600-optimized.jpg\",\"datePublished\":\"2022-10-31T13:59:51+00:00\",\"dateModified\":\"2022-11-10T16:52:57+00:00\",\"breadcrumb\":{\"@id\":\"https:\\\/\\\/nuestrasenoradelosdolores.archimadrid.es\\\/index.php\\\/politica-de-privacidad\\\/#breadcrumb\"},\"inLanguage\":\"es\",\"potentialAction\":[{\"@type\":\"ReadAction\",\"target\":[\"https:\\\/\\\/nuestrasenoradelosdolores.archimadrid.es\\\/index.php\\\/politica-de-privacidad\\\/\"]}]},{\"@type\":\"ImageObject\",\"inLanguage\":\"es\",\"@id\":\"https:\\\/\\\/nuestrasenoradelosdolores.archimadrid.es\\\/index.php\\\/politica-de-privacidad\\\/#primaryimage\",\"url\":\"https:\\\/\\\/nuestrasenoradelosdolores.archimadrid.es\\\/wp-content\\\/uploads\\\/2022\\\/11\\\/DSC_0136-2000x600-optimized.jpg\",\"contentUrl\":\"https:\\\/\\\/nuestrasenoradelosdolores.archimadrid.es\\\/wp-content\\\/uploads\\\/2022\\\/11\\\/DSC_0136-2000x600-optimized.jpg\",\"width\":2000,\"height\":600,\"caption\":\"Campana con reja en campanario\"},{\"@type\":\"BreadcrumbList\",\"@id\":\"https:\\\/\\\/nuestrasenoradelosdolores.archimadrid.es\\\/index.php\\\/politica-de-privacidad\\\/#breadcrumb\",\"itemListElement\":[{\"@type\":\"ListItem\",\"position\":1,\"name\":\"Inicio\",\"item\":\"https:\\\/\\\/nuestrasenoradelosdolores.archimadrid.es\\\/\"},{\"@type\":\"ListItem\",\"position\":2,\"name\":\"Pol\u00edtica de privacidad\"}]},{\"@type\":\"WebSite\",\"@id\":\"https:\\\/\\\/nuestrasenoradelosdolores.archimadrid.es\\\/#website\",\"url\":\"https:\\\/\\\/nuestrasenoradelosdolores.archimadrid.es\\\/\",\"name\":\"Parroquia de Nuestra Se\u00f1ora de los Dolores\",\"description\":\"Sitio web de la parroquia de Nuestra Se\u00f1ora de los Dolores\",\"publisher\":{\"@id\":\"https:\\\/\\\/nuestrasenoradelosdolores.archimadrid.es\\\/#organization\"},\"potentialAction\":[{\"@type\":\"SearchAction\",\"target\":{\"@type\":\"EntryPoint\",\"urlTemplate\":\"https:\\\/\\\/nuestrasenoradelosdolores.archimadrid.es\\\/?s={search_term_string}\"},\"query-input\":{\"@type\":\"PropertyValueSpecification\",\"valueRequired\":true,\"valueName\":\"search_term_string\"}}],\"inLanguage\":\"es\"},{\"@type\":\"Organization\",\"@id\":\"https:\\\/\\\/nuestrasenoradelosdolores.archimadrid.es\\\/#organization\",\"name\":\"Parroquia de Nuestra Se\u00f1ora de los Dolores\",\"url\":\"https:\\\/\\\/nuestrasenoradelosdolores.archimadrid.es\\\/\",\"logo\":{\"@type\":\"ImageObject\",\"inLanguage\":\"es\",\"@id\":\"https:\\\/\\\/nuestrasenoradelosdolores.archimadrid.es\\\/#\\\/schema\\\/logo\\\/image\\\/\",\"url\":\"https:\\\/\\\/nuestrasenoradelosdolores.archimadrid.es\\\/wp-content\\\/uploads\\\/2022\\\/10\\\/DSC_0146-3840x2560-optimized-1-scaled.jpg\",\"contentUrl\":\"https:\\\/\\\/nuestrasenoradelosdolores.archimadrid.es\\\/wp-content\\\/uploads\\\/2022\\\/10\\\/DSC_0146-3840x2560-optimized-1-scaled.jpg\",\"width\":2560,\"height\":1707,\"caption\":\"Parroquia de Nuestra Se\u00f1ora de los Dolores\"},\"image\":{\"@id\":\"https:\\\/\\\/nuestrasenoradelosdolores.archimadrid.es\\\/#\\\/schema\\\/logo\\\/image\\\/\"}}]}<\/script>\n<!-- \/ Yoast SEO plugin. -->","yoast_head_json":{"title":"Pol\u00edtica de privacidad | Nuestra Se\u00f1ora de los Dolores","robots":{"index":"index","follow":"follow","max-snippet":"max-snippet:-1","max-image-preview":"max-image-preview:large","max-video-preview":"max-video-preview:-1"},"canonical":"https:\/\/nuestrasenoradelosdolores.archimadrid.es\/index.php\/politica-de-privacidad\/","og_locale":"es_ES","og_type":"article","og_title":"Pol\u00edtica de privacidad | Nuestra Se\u00f1ora de los Dolores","og_description":"En cumplimiento del Cap\u00edtulo II de la ley 34\/2002, LSSICE y del Reglamento (UE) 2016\/679 del Parlamento Europeo y del Consejo relativo a la protecci\u00f3n de las personas f\u00edsicas en lo que respecta al tratamiento de datos personales y a la libre circulaci\u00f3n de los mismos, (RGPD), la presente p\u00e1gina web es propiedad de la [&hellip;]","og_url":"https:\/\/nuestrasenoradelosdolores.archimadrid.es\/index.php\/politica-de-privacidad\/","og_site_name":"Nuestra Se\u00f1ora de los Dolores","article_modified_time":"2022-11-10T16:52:57+00:00","og_image":[{"width":2000,"height":600,"url":"https:\/\/nuestrasenoradelosdolores.archimadrid.es\/wp-content\/uploads\/2022\/11\/DSC_0136-2000x600-optimized.jpg","type":"image\/jpeg"}],"twitter_card":"summary_large_image","schema":{"@context":"https:\/\/schema.org","@graph":[{"@type":"WebPage","@id":"https:\/\/nuestrasenoradelosdolores.archimadrid.es\/index.php\/politica-de-privacidad\/","url":"https:\/\/nuestrasenoradelosdolores.archimadrid.es\/index.php\/politica-de-privacidad\/","name":"Pol\u00edtica de privacidad | Nuestra Se\u00f1ora de los Dolores","isPartOf":{"@id":"https:\/\/nuestrasenoradelosdolores.archimadrid.es\/#website"},"primaryImageOfPage":{"@id":"https:\/\/nuestrasenoradelosdolores.archimadrid.es\/index.php\/politica-de-privacidad\/#primaryimage"},"image":{"@id":"https:\/\/nuestrasenoradelosdolores.archimadrid.es\/index.php\/politica-de-privacidad\/#primaryimage"},"thumbnailUrl":"https:\/\/nuestrasenoradelosdolores.archimadrid.es\/wp-content\/uploads\/2022\/11\/DSC_0136-2000x600-optimized.jpg","datePublished":"2022-10-31T13:59:51+00:00","dateModified":"2022-11-10T16:52:57+00:00","breadcrumb":{"@id":"https:\/\/nuestrasenoradelosdolores.archimadrid.es\/index.php\/politica-de-privacidad\/#breadcrumb"},"inLanguage":"es","potentialAction":[{"@type":"ReadAction","target":["https:\/\/nuestrasenoradelosdolores.archimadrid.es\/index.php\/politica-de-privacidad\/"]}]},{"@type":"ImageObject","inLanguage":"es","@id":"https:\/\/nuestrasenoradelosdolores.archimadrid.es\/index.php\/politica-de-privacidad\/#primaryimage","url":"https:\/\/nuestrasenoradelosdolores.archimadrid.es\/wp-content\/uploads\/2022\/11\/DSC_0136-2000x600-optimized.jpg","contentUrl":"https:\/\/nuestrasenoradelosdolores.archimadrid.es\/wp-content\/uploads\/2022\/11\/DSC_0136-2000x600-optimized.jpg","width":2000,"height":600,"caption":"Campana con reja en campanario"},{"@type":"BreadcrumbList","@id":"https:\/\/nuestrasenoradelosdolores.archimadrid.es\/index.php\/politica-de-privacidad\/#breadcrumb","itemListElement":[{"@type":"ListItem","position":1,"name":"Inicio","item":"https:\/\/nuestrasenoradelosdolores.archimadrid.es\/"},{"@type":"ListItem","position":2,"name":"Pol\u00edtica de privacidad"}]},{"@type":"WebSite","@id":"https:\/\/nuestrasenoradelosdolores.archimadrid.es\/#website","url":"https:\/\/nuestrasenoradelosdolores.archimadrid.es\/","name":"Parroquia de Nuestra Se\u00f1ora de los Dolores","description":"Sitio web de la parroquia de Nuestra Se\u00f1ora de los Dolores","publisher":{"@id":"https:\/\/nuestrasenoradelosdolores.archimadrid.es\/#organization"},"potentialAction":[{"@type":"SearchAction","target":{"@type":"EntryPoint","urlTemplate":"https:\/\/nuestrasenoradelosdolores.archimadrid.es\/?s={search_term_string}"},"query-input":{"@type":"PropertyValueSpecification","valueRequired":true,"valueName":"search_term_string"}}],"inLanguage":"es"},{"@type":"Organization","@id":"https:\/\/nuestrasenoradelosdolores.archimadrid.es\/#organization","name":"Parroquia de Nuestra Se\u00f1ora de los Dolores","url":"https:\/\/nuestrasenoradelosdolores.archimadrid.es\/","logo":{"@type":"ImageObject","inLanguage":"es","@id":"https:\/\/nuestrasenoradelosdolores.archimadrid.es\/#\/schema\/logo\/image\/","url":"https:\/\/nuestrasenoradelosdolores.archimadrid.es\/wp-content\/uploads\/2022\/10\/DSC_0146-3840x2560-optimized-1-scaled.jpg","contentUrl":"https:\/\/nuestrasenoradelosdolores.archimadrid.es\/wp-content\/uploads\/2022\/10\/DSC_0146-3840x2560-optimized-1-scaled.jpg","width":2560,"height":1707,"caption":"Parroquia de Nuestra Se\u00f1ora de los Dolores"},"image":{"@id":"https:\/\/nuestrasenoradelosdolores.archimadrid.es\/#\/schema\/logo\/image\/"}}]}},"_links":{"self":[{"href":"https:\/\/nuestrasenoradelosdolores.archimadrid.es\/index.php\/wp-json\/wp\/v2\/pages\/1927","targetHints":{"allow":["GET"]}}],"collection":[{"href":"https:\/\/nuestrasenoradelosdolores.archimadrid.es\/index.php\/wp-json\/wp\/v2\/pages"}],"about":[{"href":"https:\/\/nuestrasenoradelosdolores.archimadrid.es\/index.php\/wp-json\/wp\/v2\/types\/page"}],"author":[{"embeddable":true,"href":"https:\/\/nuestrasenoradelosdolores.archimadrid.es\/index.php\/wp-json\/wp\/v2\/users\/1"}],"replies":[{"embeddable":true,"href":"https:\/\/nuestrasenoradelosdolores.archimadrid.es\/index.php\/wp-json\/wp\/v2\/comments?post=1927"}],"version-history":[{"count":0,"href":"https:\/\/nuestrasenoradelosdolores.archimadrid.es\/index.php\/wp-json\/wp\/v2\/pages\/1927\/revisions"}],"wp:featuredmedia":[{"embeddable":true,"href":"https:\/\/nuestrasenoradelosdolores.archimadrid.es\/index.php\/wp-json\/wp\/v2\/media\/2161"}],"wp:attachment":[{"href":"https:\/\/nuestrasenoradelosdolores.archimadrid.es\/index.php\/wp-json\/wp\/v2\/media?parent=1927"}],"curies":[{"name":"wp","href":"https:\/\/api.w.org\/{rel}","templated":true}]}}