{"id":1359,"date":"2022-10-19T16:46:33","date_gmt":"2022-10-19T16:46:33","guid":{"rendered":"https:\/\/nuestrasenoradelosdolores.archimadrid.es\/?page_id=1359"},"modified":"2022-11-15T10:02:03","modified_gmt":"2022-11-15T10:02:03","slug":"caritas-parroquial","status":"publish","type":"page","link":"https:\/\/nuestrasenoradelosdolores.archimadrid.es\/index.php\/actividades\/caritas-parroquial\/","title":{"rendered":"C\u00e1ritas parroquial"},"content":{"rendered":"\t\t<div data-elementor-type=\"wp-page\" data-elementor-id=\"1359\" class=\"elementor elementor-1359\" data-elementor-post-type=\"page\">\n\t\t\t\t<div class=\"elementor-element elementor-element-1b51538 e-flex e-con-boxed e-con e-parent\" data-id=\"1b51538\" data-element_type=\"container\" data-e-type=\"container\">\n\t\t\t\t\t<div class=\"e-con-inner\">\n\t\t\t\t<div class=\"elementor-element elementor-element-ec07a37 elementor-widget elementor-widget-text-editor\" data-id=\"ec07a37\" data-element_type=\"widget\" data-e-type=\"widget\" data-widget_type=\"text-editor.default\">\n\t\t\t\t<div class=\"elementor-widget-container\">\n\t\t\t\t\t\t\t\t\t<p>Acogida y acompa\u00f1amiento a las personas vulnerables y excluidas.<\/p><p>Si necesitas atenci\u00f3n social, contacta con nosotros.<\/p><p>Solicita cita en el tel\u00e9fono: 686.39.79.68<\/p><p>Horario de atenci\u00f3n telef\u00f3nica de lunes a viernes de 11:00 a 13:00.<\/p>\t\t\t\t\t\t\t\t<\/div>\n\t\t\t\t<\/div>\n\t\t\t\t\t<\/div>\n\t\t\t\t<\/div>\n\t\t\t\t<\/div>\n\t\t","protected":false},"excerpt":{"rendered":"<p>Acogida y acompa\u00f1amiento a las personas vulnerables y excluidas. Si necesitas atenci\u00f3n social, contacta con nosotros. Solicita cita en el tel\u00e9fono: 686.39.79.68 Horario de atenci\u00f3n telef\u00f3nica de lunes a viernes de 11:00 a 13:00.<\/p>\n","protected":false},"author":1,"featured_media":2359,"parent":97,"menu_order":0,"comment_status":"closed","ping_status":"closed","template":"","meta":{"_acf_changed":false,"footnotes":""},"class_list":["post-1359","page","type-page","status-publish","has-post-thumbnail","hentry"],"acf":[],"yoast_head":"<!-- This site is optimized with the Yoast SEO plugin v27.5 - https:\/\/yoast.com\/product\/yoast-seo-wordpress\/ -->\n<title>C\u00e1ritas parroquial | Nuestra Se\u00f1ora de los Dolores<\/title>\n<meta name=\"description\" content=\"Acogida y acompa\u00f1amiento a las personas vulnerables y excluidas.Si necesitas atenci\u00f3n social, contacta con nosotros. Solicita cita en el tel\u00e9fono: 686.39.79.68 Horario de atenci\u00f3n telef\u00f3nica de lunes a viernes de 11:00 a 13:00.\" \/>\n<meta name=\"robots\" content=\"index, follow, max-snippet:-1, max-image-preview:large, max-video-preview:-1\" \/>\n<link rel=\"canonical\" href=\"https:\/\/nuestrasenoradelosdolores.archimadrid.es\/index.php\/actividades\/caritas-parroquial\/\" \/>\n<meta property=\"og:locale\" content=\"es_ES\" \/>\n<meta property=\"og:type\" content=\"article\" \/>\n<meta property=\"og:title\" content=\"C\u00e1ritas parroquial | Nuestra Se\u00f1ora de los Dolores\" \/>\n<meta property=\"og:description\" content=\"Acogida y acompa\u00f1amiento a las personas vulnerables y excluidas.Si necesitas atenci\u00f3n social, contacta con nosotros. Solicita cita en el tel\u00e9fono: 686.39.79.68 Horario de atenci\u00f3n telef\u00f3nica de lunes a viernes de 11:00 a 13:00.\" \/>\n<meta property=\"og:url\" content=\"https:\/\/nuestrasenoradelosdolores.archimadrid.es\/index.php\/actividades\/caritas-parroquial\/\" \/>\n<meta property=\"og:site_name\" content=\"Nuestra Se\u00f1ora de los Dolores\" \/>\n<meta property=\"article:modified_time\" content=\"2022-11-15T10:02:03+00:00\" \/>\n<meta property=\"og:image\" content=\"https:\/\/nuestrasenoradelosdolores.archimadrid.es\/wp-content\/uploads\/2022\/11\/logo-caritas-parroquial-2000x600-1.jpg\" \/>\n\t<meta property=\"og:image:width\" content=\"2000\" \/>\n\t<meta property=\"og:image:height\" content=\"600\" \/>\n\t<meta property=\"og:image:type\" content=\"image\/jpeg\" \/>\n<meta name=\"twitter:card\" content=\"summary_large_image\" \/>\n<script type=\"application\/ld+json\" class=\"yoast-schema-graph\">{\"@context\":\"https:\\\/\\\/schema.org\",\"@graph\":[{\"@type\":\"WebPage\",\"@id\":\"https:\\\/\\\/nuestrasenoradelosdolores.archimadrid.es\\\/index.php\\\/actividades\\\/caritas-parroquial\\\/\",\"url\":\"https:\\\/\\\/nuestrasenoradelosdolores.archimadrid.es\\\/index.php\\\/actividades\\\/caritas-parroquial\\\/\",\"name\":\"C\u00e1ritas parroquial | Nuestra Se\u00f1ora de los Dolores\",\"isPartOf\":{\"@id\":\"https:\\\/\\\/nuestrasenoradelosdolores.archimadrid.es\\\/#website\"},\"primaryImageOfPage\":{\"@id\":\"https:\\\/\\\/nuestrasenoradelosdolores.archimadrid.es\\\/index.php\\\/actividades\\\/caritas-parroquial\\\/#primaryimage\"},\"image\":{\"@id\":\"https:\\\/\\\/nuestrasenoradelosdolores.archimadrid.es\\\/index.php\\\/actividades\\\/caritas-parroquial\\\/#primaryimage\"},\"thumbnailUrl\":\"https:\\\/\\\/nuestrasenoradelosdolores.archimadrid.es\\\/wp-content\\\/uploads\\\/2022\\\/11\\\/logo-caritas-parroquial-2000x600-1.jpg\",\"datePublished\":\"2022-10-19T16:46:33+00:00\",\"dateModified\":\"2022-11-15T10:02:03+00:00\",\"description\":\"Acogida y acompa\u00f1amiento a las personas vulnerables y excluidas.Si necesitas atenci\u00f3n social, contacta con nosotros. Solicita cita en el tel\u00e9fono: 686.39.79.68 Horario de atenci\u00f3n telef\u00f3nica de lunes a viernes de 11:00 a 13:00.\",\"breadcrumb\":{\"@id\":\"https:\\\/\\\/nuestrasenoradelosdolores.archimadrid.es\\\/index.php\\\/actividades\\\/caritas-parroquial\\\/#breadcrumb\"},\"inLanguage\":\"es\",\"potentialAction\":[{\"@type\":\"ReadAction\",\"target\":[\"https:\\\/\\\/nuestrasenoradelosdolores.archimadrid.es\\\/index.php\\\/actividades\\\/caritas-parroquial\\\/\"]}]},{\"@type\":\"ImageObject\",\"inLanguage\":\"es\",\"@id\":\"https:\\\/\\\/nuestrasenoradelosdolores.archimadrid.es\\\/index.php\\\/actividades\\\/caritas-parroquial\\\/#primaryimage\",\"url\":\"https:\\\/\\\/nuestrasenoradelosdolores.archimadrid.es\\\/wp-content\\\/uploads\\\/2022\\\/11\\\/logo-caritas-parroquial-2000x600-1.jpg\",\"contentUrl\":\"https:\\\/\\\/nuestrasenoradelosdolores.archimadrid.es\\\/wp-content\\\/uploads\\\/2022\\\/11\\\/logo-caritas-parroquial-2000x600-1.jpg\",\"width\":2000,\"height\":600},{\"@type\":\"BreadcrumbList\",\"@id\":\"https:\\\/\\\/nuestrasenoradelosdolores.archimadrid.es\\\/index.php\\\/actividades\\\/caritas-parroquial\\\/#breadcrumb\",\"itemListElement\":[{\"@type\":\"ListItem\",\"position\":1,\"name\":\"Inicio\",\"item\":\"https:\\\/\\\/nuestrasenoradelosdolores.archimadrid.es\\\/\"},{\"@type\":\"ListItem\",\"position\":2,\"name\":\"Actividades\",\"item\":\"https:\\\/\\\/nuestrasenoradelosdolores.archimadrid.es\\\/index.php\\\/actividades\\\/\"},{\"@type\":\"ListItem\",\"position\":3,\"name\":\"C\u00e1ritas parroquial\"}]},{\"@type\":\"WebSite\",\"@id\":\"https:\\\/\\\/nuestrasenoradelosdolores.archimadrid.es\\\/#website\",\"url\":\"https:\\\/\\\/nuestrasenoradelosdolores.archimadrid.es\\\/\",\"name\":\"Parroquia de Nuestra Se\u00f1ora de los Dolores\",\"description\":\"Sitio web de la parroquia de Nuestra Se\u00f1ora de los Dolores\",\"publisher\":{\"@id\":\"https:\\\/\\\/nuestrasenoradelosdolores.archimadrid.es\\\/#organization\"},\"potentialAction\":[{\"@type\":\"SearchAction\",\"target\":{\"@type\":\"EntryPoint\",\"urlTemplate\":\"https:\\\/\\\/nuestrasenoradelosdolores.archimadrid.es\\\/?s={search_term_string}\"},\"query-input\":{\"@type\":\"PropertyValueSpecification\",\"valueRequired\":true,\"valueName\":\"search_term_string\"}}],\"inLanguage\":\"es\"},{\"@type\":\"Organization\",\"@id\":\"https:\\\/\\\/nuestrasenoradelosdolores.archimadrid.es\\\/#organization\",\"name\":\"Parroquia de Nuestra Se\u00f1ora de los Dolores\",\"url\":\"https:\\\/\\\/nuestrasenoradelosdolores.archimadrid.es\\\/\",\"logo\":{\"@type\":\"ImageObject\",\"inLanguage\":\"es\",\"@id\":\"https:\\\/\\\/nuestrasenoradelosdolores.archimadrid.es\\\/#\\\/schema\\\/logo\\\/image\\\/\",\"url\":\"https:\\\/\\\/nuestrasenoradelosdolores.archimadrid.es\\\/wp-content\\\/uploads\\\/2022\\\/10\\\/DSC_0146-3840x2560-optimized-1-scaled.jpg\",\"contentUrl\":\"https:\\\/\\\/nuestrasenoradelosdolores.archimadrid.es\\\/wp-content\\\/uploads\\\/2022\\\/10\\\/DSC_0146-3840x2560-optimized-1-scaled.jpg\",\"width\":2560,\"height\":1707,\"caption\":\"Parroquia de Nuestra Se\u00f1ora de los Dolores\"},\"image\":{\"@id\":\"https:\\\/\\\/nuestrasenoradelosdolores.archimadrid.es\\\/#\\\/schema\\\/logo\\\/image\\\/\"}}]}<\/script>\n<!-- \/ Yoast SEO plugin. -->","yoast_head_json":{"title":"C\u00e1ritas parroquial | Nuestra Se\u00f1ora de los Dolores","description":"Acogida y acompa\u00f1amiento a las personas vulnerables y excluidas.Si necesitas atenci\u00f3n social, contacta con nosotros. Solicita cita en el tel\u00e9fono: 686.39.79.68 Horario de atenci\u00f3n telef\u00f3nica de lunes a viernes de 11:00 a 13:00.","robots":{"index":"index","follow":"follow","max-snippet":"max-snippet:-1","max-image-preview":"max-image-preview:large","max-video-preview":"max-video-preview:-1"},"canonical":"https:\/\/nuestrasenoradelosdolores.archimadrid.es\/index.php\/actividades\/caritas-parroquial\/","og_locale":"es_ES","og_type":"article","og_title":"C\u00e1ritas parroquial | Nuestra Se\u00f1ora de los Dolores","og_description":"Acogida y acompa\u00f1amiento a las personas vulnerables y excluidas.Si necesitas atenci\u00f3n social, contacta con nosotros. Solicita cita en el tel\u00e9fono: 686.39.79.68 Horario de atenci\u00f3n telef\u00f3nica de lunes a viernes de 11:00 a 13:00.","og_url":"https:\/\/nuestrasenoradelosdolores.archimadrid.es\/index.php\/actividades\/caritas-parroquial\/","og_site_name":"Nuestra Se\u00f1ora de los Dolores","article_modified_time":"2022-11-15T10:02:03+00:00","og_image":[{"width":2000,"height":600,"url":"https:\/\/nuestrasenoradelosdolores.archimadrid.es\/wp-content\/uploads\/2022\/11\/logo-caritas-parroquial-2000x600-1.jpg","type":"image\/jpeg"}],"twitter_card":"summary_large_image","schema":{"@context":"https:\/\/schema.org","@graph":[{"@type":"WebPage","@id":"https:\/\/nuestrasenoradelosdolores.archimadrid.es\/index.php\/actividades\/caritas-parroquial\/","url":"https:\/\/nuestrasenoradelosdolores.archimadrid.es\/index.php\/actividades\/caritas-parroquial\/","name":"C\u00e1ritas parroquial | Nuestra Se\u00f1ora de los Dolores","isPartOf":{"@id":"https:\/\/nuestrasenoradelosdolores.archimadrid.es\/#website"},"primaryImageOfPage":{"@id":"https:\/\/nuestrasenoradelosdolores.archimadrid.es\/index.php\/actividades\/caritas-parroquial\/#primaryimage"},"image":{"@id":"https:\/\/nuestrasenoradelosdolores.archimadrid.es\/index.php\/actividades\/caritas-parroquial\/#primaryimage"},"thumbnailUrl":"https:\/\/nuestrasenoradelosdolores.archimadrid.es\/wp-content\/uploads\/2022\/11\/logo-caritas-parroquial-2000x600-1.jpg","datePublished":"2022-10-19T16:46:33+00:00","dateModified":"2022-11-15T10:02:03+00:00","description":"Acogida y acompa\u00f1amiento a las personas vulnerables y excluidas.Si necesitas atenci\u00f3n social, contacta con nosotros. Solicita cita en el tel\u00e9fono: 686.39.79.68 Horario de atenci\u00f3n telef\u00f3nica de lunes a viernes de 11:00 a 13:00.","breadcrumb":{"@id":"https:\/\/nuestrasenoradelosdolores.archimadrid.es\/index.php\/actividades\/caritas-parroquial\/#breadcrumb"},"inLanguage":"es","potentialAction":[{"@type":"ReadAction","target":["https:\/\/nuestrasenoradelosdolores.archimadrid.es\/index.php\/actividades\/caritas-parroquial\/"]}]},{"@type":"ImageObject","inLanguage":"es","@id":"https:\/\/nuestrasenoradelosdolores.archimadrid.es\/index.php\/actividades\/caritas-parroquial\/#primaryimage","url":"https:\/\/nuestrasenoradelosdolores.archimadrid.es\/wp-content\/uploads\/2022\/11\/logo-caritas-parroquial-2000x600-1.jpg","contentUrl":"https:\/\/nuestrasenoradelosdolores.archimadrid.es\/wp-content\/uploads\/2022\/11\/logo-caritas-parroquial-2000x600-1.jpg","width":2000,"height":600},{"@type":"BreadcrumbList","@id":"https:\/\/nuestrasenoradelosdolores.archimadrid.es\/index.php\/actividades\/caritas-parroquial\/#breadcrumb","itemListElement":[{"@type":"ListItem","position":1,"name":"Inicio","item":"https:\/\/nuestrasenoradelosdolores.archimadrid.es\/"},{"@type":"ListItem","position":2,"name":"Actividades","item":"https:\/\/nuestrasenoradelosdolores.archimadrid.es\/index.php\/actividades\/"},{"@type":"ListItem","position":3,"name":"C\u00e1ritas parroquial"}]},{"@type":"WebSite","@id":"https:\/\/nuestrasenoradelosdolores.archimadrid.es\/#website","url":"https:\/\/nuestrasenoradelosdolores.archimadrid.es\/","name":"Parroquia de Nuestra Se\u00f1ora de los Dolores","description":"Sitio web de la parroquia de Nuestra Se\u00f1ora de los Dolores","publisher":{"@id":"https:\/\/nuestrasenoradelosdolores.archimadrid.es\/#organization"},"potentialAction":[{"@type":"SearchAction","target":{"@type":"EntryPoint","urlTemplate":"https:\/\/nuestrasenoradelosdolores.archimadrid.es\/?s={search_term_string}"},"query-input":{"@type":"PropertyValueSpecification","valueRequired":true,"valueName":"search_term_string"}}],"inLanguage":"es"},{"@type":"Organization","@id":"https:\/\/nuestrasenoradelosdolores.archimadrid.es\/#organization","name":"Parroquia de Nuestra Se\u00f1ora de los Dolores","url":"https:\/\/nuestrasenoradelosdolores.archimadrid.es\/","logo":{"@type":"ImageObject","inLanguage":"es","@id":"https:\/\/nuestrasenoradelosdolores.archimadrid.es\/#\/schema\/logo\/image\/","url":"https:\/\/nuestrasenoradelosdolores.archimadrid.es\/wp-content\/uploads\/2022\/10\/DSC_0146-3840x2560-optimized-1-scaled.jpg","contentUrl":"https:\/\/nuestrasenoradelosdolores.archimadrid.es\/wp-content\/uploads\/2022\/10\/DSC_0146-3840x2560-optimized-1-scaled.jpg","width":2560,"height":1707,"caption":"Parroquia de Nuestra Se\u00f1ora de los Dolores"},"image":{"@id":"https:\/\/nuestrasenoradelosdolores.archimadrid.es\/#\/schema\/logo\/image\/"}}]}},"_links":{"self":[{"href":"https:\/\/nuestrasenoradelosdolores.archimadrid.es\/index.php\/wp-json\/wp\/v2\/pages\/1359","targetHints":{"allow":["GET"]}}],"collection":[{"href":"https:\/\/nuestrasenoradelosdolores.archimadrid.es\/index.php\/wp-json\/wp\/v2\/pages"}],"about":[{"href":"https:\/\/nuestrasenoradelosdolores.archimadrid.es\/index.php\/wp-json\/wp\/v2\/types\/page"}],"author":[{"embeddable":true,"href":"https:\/\/nuestrasenoradelosdolores.archimadrid.es\/index.php\/wp-json\/wp\/v2\/users\/1"}],"replies":[{"embeddable":true,"href":"https:\/\/nuestrasenoradelosdolores.archimadrid.es\/index.php\/wp-json\/wp\/v2\/comments?post=1359"}],"version-history":[{"count":0,"href":"https:\/\/nuestrasenoradelosdolores.archimadrid.es\/index.php\/wp-json\/wp\/v2\/pages\/1359\/revisions"}],"up":[{"embeddable":true,"href":"https:\/\/nuestrasenoradelosdolores.archimadrid.es\/index.php\/wp-json\/wp\/v2\/pages\/97"}],"wp:featuredmedia":[{"embeddable":true,"href":"https:\/\/nuestrasenoradelosdolores.archimadrid.es\/index.php\/wp-json\/wp\/v2\/media\/2359"}],"wp:attachment":[{"href":"https:\/\/nuestrasenoradelosdolores.archimadrid.es\/index.php\/wp-json\/wp\/v2\/media?parent=1359"}],"curies":[{"name":"wp","href":"https:\/\/api.w.org\/{rel}","templated":true}]}}