{"id":105,"date":"2022-09-28T10:28:41","date_gmt":"2022-09-28T10:28:41","guid":{"rendered":"https:\/\/nuestrasenoradelosdolores.archimadrid.es\/?page_id=105"},"modified":"2022-11-15T10:22:08","modified_gmt":"2022-11-15T10:22:08","slug":"historia","status":"publish","type":"page","link":"https:\/\/nuestrasenoradelosdolores.archimadrid.es\/index.php\/historia\/","title":{"rendered":"Historia"},"content":{"rendered":"\t\t<div data-elementor-type=\"wp-page\" data-elementor-id=\"105\" class=\"elementor elementor-105\" data-elementor-post-type=\"page\">\n\t\t\t\t<div class=\"elementor-element elementor-element-d6f978d e-flex e-con-boxed e-con e-parent\" data-id=\"d6f978d\" data-element_type=\"container\" data-e-type=\"container\">\n\t\t\t\t\t<div class=\"e-con-inner\">\n\t\t\t\t<div class=\"elementor-element elementor-element-a72b521 elementor-widget elementor-widget-text-editor\" data-id=\"a72b521\" data-element_type=\"widget\" data-e-type=\"widget\" data-widget_type=\"text-editor.default\">\n\t\t\t\t<div class=\"elementor-widget-container\">\n\t\t\t\t\t\t\t\t\t<p>Un poco de historia.<\/p>\t\t\t\t\t\t\t\t<\/div>\n\t\t\t\t<\/div>\n\t\t\t\t<div class=\"elementor-element elementor-element-87cb80d elementor-widget elementor-widget-text-editor\" data-id=\"87cb80d\" data-element_type=\"widget\" data-e-type=\"widget\" data-widget_type=\"text-editor.default\">\n\t\t\t\t<div class=\"elementor-widget-container\">\n\t\t\t\t\t\t\t\t\t<p>Nuestra Parroquia fue erigida por el cardenal Sancha el 21 de Septiembre de 1891.<\/p><p>Originariamente, estaba instalada en la capilla del cementerio de Nuestra Se\u00f1ora de los Dolores. Con motivo del ensanche de Madrid, a principios del siglo XX, desapareci\u00f3 el cementerio (que ocupaba la actual zona de Arapiles) y la Parroquia se qued\u00f3 sin templo.<\/p><p>El se\u00f1or Obispo de Madrid solicit\u00f3 la colaboraci\u00f3n de la Congregaci\u00f3n de San Pedro, de Sacerdotes Seculares Naturales de Madrid, la cual, en 1908, <img fetchpriority=\"high\" decoding=\"async\" class=\"size-medium wp-image-2108 alignleft\" style=\"margin: 20px 20px 20px 0;\" src=\"https:\/\/nuestrasenoradelosdolores.archimadrid.es\/wp-content\/uploads\/2022\/11\/DSC_0233-3734x2751-optimized-300x221.jpg\" alt=\"\" width=\"300\" height=\"221\" srcset=\"https:\/\/nuestrasenoradelosdolores.archimadrid.es\/wp-content\/uploads\/2022\/11\/DSC_0233-3734x2751-optimized-300x221.jpg 300w, https:\/\/nuestrasenoradelosdolores.archimadrid.es\/wp-content\/uploads\/2022\/11\/DSC_0233-3734x2751-optimized-1024x754.jpg 1024w, https:\/\/nuestrasenoradelosdolores.archimadrid.es\/wp-content\/uploads\/2022\/11\/DSC_0233-3734x2751-optimized-768x566.jpg 768w, https:\/\/nuestrasenoradelosdolores.archimadrid.es\/wp-content\/uploads\/2022\/11\/DSC_0233-3734x2751-optimized-1536x1132.jpg 1536w, https:\/\/nuestrasenoradelosdolores.archimadrid.es\/wp-content\/uploads\/2022\/11\/DSC_0233-3734x2751-optimized-2048x1509.jpg 2048w\" sizes=\"(max-width: 300px) 100vw, 300px\" \/>cedi\u00f3 su templo reci\u00e9n terminado para instalaci\u00f3n de la Parroquia. La Congregaci\u00f3n de Sacerdotes hab\u00eda sido fundada por el sacerdote madrile\u00f1o don Jer\u00f3nimo de la Quintana en 1619, y a la que pertenecieron Calder\u00f3n de la Barca, cuyos restos estuvieron en la Parroquia hasta 1936, y Lope de Vega.<\/p><p>En el a\u00f1o 1936, el edificio fue incendiado y destruido completamente y, con ello, desapareci\u00f3 el archivo parroquial, en el que hubi\u00e9ramos hallado interesantes datos.<\/p>\t\t\t\t\t\t\t\t<\/div>\n\t\t\t\t<\/div>\n\t\t\t\t<div class=\"elementor-element elementor-element-c86aabf elementor-widget elementor-widget-text-editor\" data-id=\"c86aabf\" data-element_type=\"widget\" data-e-type=\"widget\" data-widget_type=\"text-editor.default\">\n\t\t\t\t<div class=\"elementor-widget-container\">\n\t\t\t\t\t\t\t\t\t<p>El Bolet\u00edn Parroquial del 4 de noviembre de 1962 recordaba a todos los feligreses el grave problema de nuestra parroquia:<\/p>\t\t\t\t\t\t\t\t<\/div>\n\t\t\t\t<\/div>\n\t\t\t\t<div class=\"elementor-element elementor-element-74a31c2 elementor-widget elementor-widget-text-editor\" data-id=\"74a31c2\" data-element_type=\"widget\" data-e-type=\"widget\" data-widget_type=\"text-editor.default\">\n\t\t\t\t<div class=\"elementor-widget-container\">\n\t\t\t\t\t\t\t\t\t<p>\u201cLa iglesia resulta incapaz para acoger a los fieles que acuden a ella cada domingo [\u2026] Hay misas a las que asisten m\u00e1s de mil personas, agobiadas en el templo, distribuidas por el vest\u00edbulo y los pasillos, muchas en la calle\u2026 Y los locales para oficinas, reuniones, etc\u2026 son escasos\u201d.<\/p>\t\t\t\t\t\t\t\t<\/div>\n\t\t\t\t<\/div>\n\t\t\t\t<div class=\"elementor-element elementor-element-8b4e9ca elementor-widget elementor-widget-text-editor\" data-id=\"8b4e9ca\" data-element_type=\"widget\" data-e-type=\"widget\" data-widget_type=\"text-editor.default\">\n\t\t\t\t<div class=\"elementor-widget-container\">\n\t\t\t\t\t\t\t\t\t<p>En el a\u00f1o 1963, las Religiosas de la Sagrada Familia (Esperancinas) deciden derribar su convento y vender el solar junto a la Parroquia. El d\u00eda 31 de diciembre de este a\u00f1o se hace la compra del solar en escritura p\u00fablica.<\/p>\t\t\t\t\t\t\t\t<\/div>\n\t\t\t\t<\/div>\n\t\t\t\t<div class=\"elementor-element elementor-element-96ad83d elementor-widget elementor-widget-text-editor\" data-id=\"96ad83d\" data-element_type=\"widget\" data-e-type=\"widget\" data-widget_type=\"text-editor.default\">\n\t\t\t\t<div class=\"elementor-widget-container\">\n\t\t\t\t\t\t\t\t\t<p>En el a\u00f1o 1964, el Ayuntamiento aprueba la primera fase del proyecto (obra de los arquitectos Don Agust\u00edn Ubach y Don Miguel Seisdedos) y comienzan las obras del sal\u00f3n\u2013capilla.<\/p>\t\t\t\t\t\t\t\t<\/div>\n\t\t\t\t<\/div>\n\t\t\t\t<div class=\"elementor-element elementor-element-43f83da elementor-widget elementor-widget-text-editor\" data-id=\"43f83da\" data-element_type=\"widget\" data-e-type=\"widget\" data-widget_type=\"text-editor.default\">\n\t\t\t\t<div class=\"elementor-widget-container\">\n\t\t\t\t\t\t\t\t\t<p>El a\u00f1o 1968 se empieza a usar el sal\u00f3n\u2013capilla, a donde se traslada la venerada imagen del Sant\u00edsimo Cristo del Amparo.<\/p>\t\t\t\t\t\t\t\t<\/div>\n\t\t\t\t<\/div>\n\t\t\t\t<div class=\"elementor-element elementor-element-951cef1 elementor-widget elementor-widget-text-editor\" data-id=\"951cef1\" data-element_type=\"widget\" data-e-type=\"widget\" data-widget_type=\"text-editor.default\">\n\t\t\t\t<div class=\"elementor-widget-container\">\n\t\t\t\t\t\t\t\t\t<p>El a\u00f1o 1970, en Navidad, se terminan las obras y se inauguran los nuevos locales: Sal\u00f3n-capilla, Hogar parroquial, Jard\u00edn de Infancia, C\u00e1ritas Parroquial, casas parroquiales\u2026<\/p>\t\t\t\t\t\t\t\t<\/div>\n\t\t\t\t<\/div>\n\t\t\t\t\t<\/div>\n\t\t\t\t<\/div>\n\t\t\t\t<\/div>\n\t\t","protected":false},"excerpt":{"rendered":"<p>Un poco de historia. Nuestra Parroquia fue erigida por el cardenal Sancha el 21 de Septiembre de 1891. Originariamente, estaba instalada en la capilla del cementerio de Nuestra Se\u00f1ora de los Dolores. Con motivo del ensanche de Madrid, a principios del siglo XX, desapareci\u00f3 el cementerio (que ocupaba la actual zona de Arapiles) y la [&hellip;]<\/p>\n","protected":false},"author":1,"featured_media":1995,"parent":0,"menu_order":0,"comment_status":"closed","ping_status":"closed","template":"","meta":{"_acf_changed":false,"footnotes":""},"class_list":["post-105","page","type-page","status-publish","has-post-thumbnail","hentry"],"acf":[],"yoast_head":"<!-- This site is optimized with the Yoast SEO plugin v27.5 - https:\/\/yoast.com\/product\/yoast-seo-wordpress\/ -->\n<title>Historia | Nuestra Se\u00f1ora de los Dolores<\/title>\n<meta name=\"description\" content=\"En la parroquia de Nuestra Se\u00f1ora de los Dolores estuvieron los restos de Calder\u00f3n de la Barca hasta 1936.\" \/>\n<meta name=\"robots\" content=\"index, follow, max-snippet:-1, max-image-preview:large, max-video-preview:-1\" \/>\n<link rel=\"canonical\" href=\"https:\/\/nuestrasenoradelosdolores.archimadrid.es\/index.php\/historia\/\" \/>\n<meta property=\"og:locale\" content=\"es_ES\" \/>\n<meta property=\"og:type\" content=\"article\" \/>\n<meta property=\"og:title\" content=\"Historia | Nuestra Se\u00f1ora de los Dolores\" \/>\n<meta property=\"og:description\" content=\"En la parroquia de Nuestra Se\u00f1ora de los Dolores estuvieron los restos de Calder\u00f3n de la Barca hasta 1936.\" \/>\n<meta property=\"og:url\" content=\"https:\/\/nuestrasenoradelosdolores.archimadrid.es\/index.php\/historia\/\" \/>\n<meta property=\"og:site_name\" content=\"Nuestra Se\u00f1ora de los Dolores\" \/>\n<meta property=\"article:modified_time\" content=\"2022-11-15T10:22:08+00:00\" \/>\n<meta property=\"og:image\" content=\"https:\/\/nuestrasenoradelosdolores.archimadrid.es\/wp-content\/uploads\/2022\/10\/DSC_0122-2600x600-optimized-scaled.jpg\" \/>\n\t<meta property=\"og:image:width\" content=\"2560\" \/>\n\t<meta property=\"og:image:height\" content=\"591\" \/>\n\t<meta property=\"og:image:type\" content=\"image\/jpeg\" \/>\n<meta name=\"twitter:card\" content=\"summary_large_image\" \/>\n<script type=\"application\/ld+json\" class=\"yoast-schema-graph\">{\"@context\":\"https:\\\/\\\/schema.org\",\"@graph\":[{\"@type\":\"WebPage\",\"@id\":\"https:\\\/\\\/nuestrasenoradelosdolores.archimadrid.es\\\/index.php\\\/historia\\\/\",\"url\":\"https:\\\/\\\/nuestrasenoradelosdolores.archimadrid.es\\\/index.php\\\/historia\\\/\",\"name\":\"Historia | Nuestra Se\u00f1ora de los Dolores\",\"isPartOf\":{\"@id\":\"https:\\\/\\\/nuestrasenoradelosdolores.archimadrid.es\\\/#website\"},\"primaryImageOfPage\":{\"@id\":\"https:\\\/\\\/nuestrasenoradelosdolores.archimadrid.es\\\/index.php\\\/historia\\\/#primaryimage\"},\"image\":{\"@id\":\"https:\\\/\\\/nuestrasenoradelosdolores.archimadrid.es\\\/index.php\\\/historia\\\/#primaryimage\"},\"thumbnailUrl\":\"https:\\\/\\\/nuestrasenoradelosdolores.archimadrid.es\\\/wp-content\\\/uploads\\\/2022\\\/10\\\/DSC_0122-2600x600-optimized-scaled.jpg\",\"datePublished\":\"2022-09-28T10:28:41+00:00\",\"dateModified\":\"2022-11-15T10:22:08+00:00\",\"description\":\"En la parroquia de Nuestra Se\u00f1ora de los Dolores estuvieron los restos de Calder\u00f3n de la Barca hasta 1936.\",\"breadcrumb\":{\"@id\":\"https:\\\/\\\/nuestrasenoradelosdolores.archimadrid.es\\\/index.php\\\/historia\\\/#breadcrumb\"},\"inLanguage\":\"es\",\"potentialAction\":[{\"@type\":\"ReadAction\",\"target\":[\"https:\\\/\\\/nuestrasenoradelosdolores.archimadrid.es\\\/index.php\\\/historia\\\/\"]}]},{\"@type\":\"ImageObject\",\"inLanguage\":\"es\",\"@id\":\"https:\\\/\\\/nuestrasenoradelosdolores.archimadrid.es\\\/index.php\\\/historia\\\/#primaryimage\",\"url\":\"https:\\\/\\\/nuestrasenoradelosdolores.archimadrid.es\\\/wp-content\\\/uploads\\\/2022\\\/10\\\/DSC_0122-2600x600-optimized-scaled.jpg\",\"contentUrl\":\"https:\\\/\\\/nuestrasenoradelosdolores.archimadrid.es\\\/wp-content\\\/uploads\\\/2022\\\/10\\\/DSC_0122-2600x600-optimized-scaled.jpg\",\"width\":2560,\"height\":591,\"caption\":\"Escudo en fachada\"},{\"@type\":\"BreadcrumbList\",\"@id\":\"https:\\\/\\\/nuestrasenoradelosdolores.archimadrid.es\\\/index.php\\\/historia\\\/#breadcrumb\",\"itemListElement\":[{\"@type\":\"ListItem\",\"position\":1,\"name\":\"Inicio\",\"item\":\"https:\\\/\\\/nuestrasenoradelosdolores.archimadrid.es\\\/\"},{\"@type\":\"ListItem\",\"position\":2,\"name\":\"Historia\"}]},{\"@type\":\"WebSite\",\"@id\":\"https:\\\/\\\/nuestrasenoradelosdolores.archimadrid.es\\\/#website\",\"url\":\"https:\\\/\\\/nuestrasenoradelosdolores.archimadrid.es\\\/\",\"name\":\"Parroquia de Nuestra Se\u00f1ora de los Dolores\",\"description\":\"Sitio web de la parroquia de Nuestra Se\u00f1ora de los Dolores\",\"publisher\":{\"@id\":\"https:\\\/\\\/nuestrasenoradelosdolores.archimadrid.es\\\/#organization\"},\"potentialAction\":[{\"@type\":\"SearchAction\",\"target\":{\"@type\":\"EntryPoint\",\"urlTemplate\":\"https:\\\/\\\/nuestrasenoradelosdolores.archimadrid.es\\\/?s={search_term_string}\"},\"query-input\":{\"@type\":\"PropertyValueSpecification\",\"valueRequired\":true,\"valueName\":\"search_term_string\"}}],\"inLanguage\":\"es\"},{\"@type\":\"Organization\",\"@id\":\"https:\\\/\\\/nuestrasenoradelosdolores.archimadrid.es\\\/#organization\",\"name\":\"Parroquia de Nuestra Se\u00f1ora de los Dolores\",\"url\":\"https:\\\/\\\/nuestrasenoradelosdolores.archimadrid.es\\\/\",\"logo\":{\"@type\":\"ImageObject\",\"inLanguage\":\"es\",\"@id\":\"https:\\\/\\\/nuestrasenoradelosdolores.archimadrid.es\\\/#\\\/schema\\\/logo\\\/image\\\/\",\"url\":\"https:\\\/\\\/nuestrasenoradelosdolores.archimadrid.es\\\/wp-content\\\/uploads\\\/2022\\\/10\\\/DSC_0146-3840x2560-optimized-1-scaled.jpg\",\"contentUrl\":\"https:\\\/\\\/nuestrasenoradelosdolores.archimadrid.es\\\/wp-content\\\/uploads\\\/2022\\\/10\\\/DSC_0146-3840x2560-optimized-1-scaled.jpg\",\"width\":2560,\"height\":1707,\"caption\":\"Parroquia de Nuestra Se\u00f1ora de los Dolores\"},\"image\":{\"@id\":\"https:\\\/\\\/nuestrasenoradelosdolores.archimadrid.es\\\/#\\\/schema\\\/logo\\\/image\\\/\"}}]}<\/script>\n<!-- \/ Yoast SEO plugin. -->","yoast_head_json":{"title":"Historia | Nuestra Se\u00f1ora de los Dolores","description":"En la parroquia de Nuestra Se\u00f1ora de los Dolores estuvieron los restos de Calder\u00f3n de la Barca hasta 1936.","robots":{"index":"index","follow":"follow","max-snippet":"max-snippet:-1","max-image-preview":"max-image-preview:large","max-video-preview":"max-video-preview:-1"},"canonical":"https:\/\/nuestrasenoradelosdolores.archimadrid.es\/index.php\/historia\/","og_locale":"es_ES","og_type":"article","og_title":"Historia | Nuestra Se\u00f1ora de los Dolores","og_description":"En la parroquia de Nuestra Se\u00f1ora de los Dolores estuvieron los restos de Calder\u00f3n de la Barca hasta 1936.","og_url":"https:\/\/nuestrasenoradelosdolores.archimadrid.es\/index.php\/historia\/","og_site_name":"Nuestra Se\u00f1ora de los Dolores","article_modified_time":"2022-11-15T10:22:08+00:00","og_image":[{"width":2560,"height":591,"url":"https:\/\/nuestrasenoradelosdolores.archimadrid.es\/wp-content\/uploads\/2022\/10\/DSC_0122-2600x600-optimized-scaled.jpg","type":"image\/jpeg"}],"twitter_card":"summary_large_image","schema":{"@context":"https:\/\/schema.org","@graph":[{"@type":"WebPage","@id":"https:\/\/nuestrasenoradelosdolores.archimadrid.es\/index.php\/historia\/","url":"https:\/\/nuestrasenoradelosdolores.archimadrid.es\/index.php\/historia\/","name":"Historia | Nuestra Se\u00f1ora de los Dolores","isPartOf":{"@id":"https:\/\/nuestrasenoradelosdolores.archimadrid.es\/#website"},"primaryImageOfPage":{"@id":"https:\/\/nuestrasenoradelosdolores.archimadrid.es\/index.php\/historia\/#primaryimage"},"image":{"@id":"https:\/\/nuestrasenoradelosdolores.archimadrid.es\/index.php\/historia\/#primaryimage"},"thumbnailUrl":"https:\/\/nuestrasenoradelosdolores.archimadrid.es\/wp-content\/uploads\/2022\/10\/DSC_0122-2600x600-optimized-scaled.jpg","datePublished":"2022-09-28T10:28:41+00:00","dateModified":"2022-11-15T10:22:08+00:00","description":"En la parroquia de Nuestra Se\u00f1ora de los Dolores estuvieron los restos de Calder\u00f3n de la Barca hasta 1936.","breadcrumb":{"@id":"https:\/\/nuestrasenoradelosdolores.archimadrid.es\/index.php\/historia\/#breadcrumb"},"inLanguage":"es","potentialAction":[{"@type":"ReadAction","target":["https:\/\/nuestrasenoradelosdolores.archimadrid.es\/index.php\/historia\/"]}]},{"@type":"ImageObject","inLanguage":"es","@id":"https:\/\/nuestrasenoradelosdolores.archimadrid.es\/index.php\/historia\/#primaryimage","url":"https:\/\/nuestrasenoradelosdolores.archimadrid.es\/wp-content\/uploads\/2022\/10\/DSC_0122-2600x600-optimized-scaled.jpg","contentUrl":"https:\/\/nuestrasenoradelosdolores.archimadrid.es\/wp-content\/uploads\/2022\/10\/DSC_0122-2600x600-optimized-scaled.jpg","width":2560,"height":591,"caption":"Escudo en fachada"},{"@type":"BreadcrumbList","@id":"https:\/\/nuestrasenoradelosdolores.archimadrid.es\/index.php\/historia\/#breadcrumb","itemListElement":[{"@type":"ListItem","position":1,"name":"Inicio","item":"https:\/\/nuestrasenoradelosdolores.archimadrid.es\/"},{"@type":"ListItem","position":2,"name":"Historia"}]},{"@type":"WebSite","@id":"https:\/\/nuestrasenoradelosdolores.archimadrid.es\/#website","url":"https:\/\/nuestrasenoradelosdolores.archimadrid.es\/","name":"Parroquia de Nuestra Se\u00f1ora de los Dolores","description":"Sitio web de la parroquia de Nuestra Se\u00f1ora de los Dolores","publisher":{"@id":"https:\/\/nuestrasenoradelosdolores.archimadrid.es\/#organization"},"potentialAction":[{"@type":"SearchAction","target":{"@type":"EntryPoint","urlTemplate":"https:\/\/nuestrasenoradelosdolores.archimadrid.es\/?s={search_term_string}"},"query-input":{"@type":"PropertyValueSpecification","valueRequired":true,"valueName":"search_term_string"}}],"inLanguage":"es"},{"@type":"Organization","@id":"https:\/\/nuestrasenoradelosdolores.archimadrid.es\/#organization","name":"Parroquia de Nuestra Se\u00f1ora de los Dolores","url":"https:\/\/nuestrasenoradelosdolores.archimadrid.es\/","logo":{"@type":"ImageObject","inLanguage":"es","@id":"https:\/\/nuestrasenoradelosdolores.archimadrid.es\/#\/schema\/logo\/image\/","url":"https:\/\/nuestrasenoradelosdolores.archimadrid.es\/wp-content\/uploads\/2022\/10\/DSC_0146-3840x2560-optimized-1-scaled.jpg","contentUrl":"https:\/\/nuestrasenoradelosdolores.archimadrid.es\/wp-content\/uploads\/2022\/10\/DSC_0146-3840x2560-optimized-1-scaled.jpg","width":2560,"height":1707,"caption":"Parroquia de Nuestra Se\u00f1ora de los Dolores"},"image":{"@id":"https:\/\/nuestrasenoradelosdolores.archimadrid.es\/#\/schema\/logo\/image\/"}}]}},"_links":{"self":[{"href":"https:\/\/nuestrasenoradelosdolores.archimadrid.es\/index.php\/wp-json\/wp\/v2\/pages\/105","targetHints":{"allow":["GET"]}}],"collection":[{"href":"https:\/\/nuestrasenoradelosdolores.archimadrid.es\/index.php\/wp-json\/wp\/v2\/pages"}],"about":[{"href":"https:\/\/nuestrasenoradelosdolores.archimadrid.es\/index.php\/wp-json\/wp\/v2\/types\/page"}],"author":[{"embeddable":true,"href":"https:\/\/nuestrasenoradelosdolores.archimadrid.es\/index.php\/wp-json\/wp\/v2\/users\/1"}],"replies":[{"embeddable":true,"href":"https:\/\/nuestrasenoradelosdolores.archimadrid.es\/index.php\/wp-json\/wp\/v2\/comments?post=105"}],"version-history":[{"count":0,"href":"https:\/\/nuestrasenoradelosdolores.archimadrid.es\/index.php\/wp-json\/wp\/v2\/pages\/105\/revisions"}],"wp:featuredmedia":[{"embeddable":true,"href":"https:\/\/nuestrasenoradelosdolores.archimadrid.es\/index.php\/wp-json\/wp\/v2\/media\/1995"}],"wp:attachment":[{"href":"https:\/\/nuestrasenoradelosdolores.archimadrid.es\/index.php\/wp-json\/wp\/v2\/media?parent=105"}],"curies":[{"name":"wp","href":"https:\/\/api.w.org\/{rel}","templated":true}]}}